{"id":89,"date":"2022-05-01T13:59:21","date_gmt":"2022-05-01T13:59:21","guid":{"rendered":"https:\/\/xn--jegkrertur-3cb.dk\/?page_id=89"},"modified":"2022-10-29T12:36:59","modified_gmt":"2022-10-29T12:36:59","slug":"aar-2022","status":"publish","type":"page","link":"https:\/\/xn--jegkrertur-3cb.dk\/index.php\/aar-2022\/","title":{"rendered":"\u00c5r 2022"},"content":{"rendered":"\n<p>Disse steder har v\u00e6ret bes\u00f8gt i \u00e5r 2022<\/p>\n\n\n\n<p><a href=\"https:\/\/xn--jegkrertur-3cb.dk\/index.php\/egeskov-moelle\/\">Egeskov M\u00f8lle<\/a><\/p>\n\n\n\n<p><a href=\"https:\/\/xn--jegkrertur-3cb.dk\/index.php\/lundeborg-havn\/\">Lundeborg havn<\/a><\/p>\n\n\n\n<p><a href=\"https:\/\/xn--jegkrertur-3cb.dk\/index.php\/fyens-havedam\/\">Fyens havedam<\/a><\/p>\n\n\n\n<p><a href=\"https:\/\/xn--jegkrertur-3cb.dk\/index.php\/rantzausminde-traef\/\">Rantzausminde tr\u00e6f<\/a><\/p>\n\n\n\n<p><a href=\"https:\/\/xn--jegkrertur-3cb.dk\/index.php\/trebjerg-dronningeudsigten\/\">Trebjerg Dronningeudsigten<\/a><\/p>\n\n\n\n<p><a href=\"https:\/\/xn--jegkrertur-3cb.dk\/index.php\/faldsled-havn\/\">Faldsled havn<\/a><\/p>\n\n\n\n<p><a href=\"https:\/\/xn--jegkrertur-3cb.dk\/index.php\/damestenen\/\" data-type=\"URL\" data-id=\"https:\/\/xn--jegkrertur-3cb.dk\/index.php\/damestenen\/\">Damestenen<\/a><\/p>\n\n\n\n<p><a href=\"https:\/\/xn--jegkrertur-3cb.dk\/index.php\/klintholm-strand\/\" data-type=\"URL\" data-id=\"https:\/\/xn--jegkrertur-3cb.dk\/index.php\/klintholm-strand\/\">Klintholm strand<\/a><\/p>\n\n\n\n<p><a href=\"https:\/\/xn--jegkrertur-3cb.dk\/index.php\/kaleko-moelle\/\" data-type=\"URL\" data-id=\"https:\/\/xn--jegkrertur-3cb.dk\/index.php\/kaleko-moelle\/\">Kaleko M\u00f8lle<\/a><\/p>\n\n\n\n<p><a href=\"https:\/\/xn--jegkrertur-3cb.dk\/index.php\/faaborg-havn\/\" data-type=\"URL\" data-id=\"https:\/\/xn--jegkrertur-3cb.dk\/index.php\/faaborg-havn\/\">Faaborg havn<\/a><\/p>\n\n\n\n<p><a href=\"https:\/\/xn--jegkrertur-3cb.dk\/index.php\/dyreborg-havn\/\" data-type=\"URL\" data-id=\"https:\/\/xn--jegkrertur-3cb.dk\/index.php\/dyreborg-havn\/\">Dyreborg havn<\/a><\/p>\n\n\n\n<p><a href=\"https:\/\/xn--jegkrertur-3cb.dk\/index.php\/befrielsessten-i-koelstrup\/\" data-type=\"URL\" data-id=\"https:\/\/xn--jegkrertur-3cb.dk\/index.php\/befrielsessten-i-koelstrup\/\">Befrielsessten i K\u00f8lstrup<\/a><\/p>\n\n\n\n<p><a href=\"https:\/\/xn--jegkrertur-3cb.dk\/index.php\/ringe-soe\/\" data-type=\"URL\" data-id=\"https:\/\/xn--jegkrertur-3cb.dk\/index.php\/ringe-soe\/\">Ringe s\u00f8<\/a><\/p>\n\n\n\n<p><a href=\"https:\/\/xn--jegkrertur-3cb.dk\/index.php\/ollerup-bunkeren\/\" data-type=\"URL\" data-id=\"https:\/\/xn--jegkrertur-3cb.dk\/index.php\/ollerup-bunkeren\/\">Ollerup Bunkeren<\/a><\/p>\n\n\n\n<p><a href=\"https:\/\/xn--jegkrertur-3cb.dk\/index.php\/braendeskov-veteranbiltraef\/\" data-type=\"URL\" data-id=\"https:\/\/xn--jegkrertur-3cb.dk\/index.php\/braendeskov-veteranbiltraef\/\">Br\u00e6ndeskov veteranbiltr\u00e6f<\/a><\/p>\n\n\n\n<p><a href=\"https:\/\/xn--jegkrertur-3cb.dk\/index.php\/stokkebaek-strand\/\" data-type=\"URL\" data-id=\"https:\/\/xn--jegkrertur-3cb.dk\/index.php\/stokkebaek-strand\/\">Stokkeb\u00e6k strand<\/a><\/p>\n","protected":false},"excerpt":{"rendered":"<p>Disse steder har v\u00e6ret bes\u00f8gt i \u00e5r 2022 Egeskov M\u00f8lle Lundeborg havn Fyens havedam Rantzausminde tr\u00e6f Trebjerg Dronningeudsigten Faldsled havn Damestenen Klintholm strand Kaleko M\u00f8lle Faaborg havn Dyreborg havn Befrielsessten i K\u00f8lstrup Ringe s\u00f8 Ollerup Bunkeren Br\u00e6ndeskov veteranbiltr\u00e6f Stokkeb\u00e6k strand<\/p>\n","protected":false},"author":3,"featured_media":0,"parent":0,"menu_order":0,"comment_status":"closed","ping_status":"closed","template":"","meta":{"footnotes":""},"class_list":["post-89","page","type-page","status-publish","hentry"],"_links":{"self":[{"href":"https:\/\/xn--jegkrertur-3cb.dk\/index.php\/wp-json\/wp\/v2\/pages\/89","targetHints":{"allow":["GET"]}}],"collection":[{"href":"https:\/\/xn--jegkrertur-3cb.dk\/index.php\/wp-json\/wp\/v2\/pages"}],"about":[{"href":"https:\/\/xn--jegkrertur-3cb.dk\/index.php\/wp-json\/wp\/v2\/types\/page"}],"author":[{"embeddable":true,"href":"https:\/\/xn--jegkrertur-3cb.dk\/index.php\/wp-json\/wp\/v2\/users\/3"}],"replies":[{"embeddable":true,"href":"https:\/\/xn--jegkrertur-3cb.dk\/index.php\/wp-json\/wp\/v2\/comments?post=89"}],"version-history":[{"count":12,"href":"https:\/\/xn--jegkrertur-3cb.dk\/index.php\/wp-json\/wp\/v2\/pages\/89\/revisions"}],"predecessor-version":[{"id":223,"href":"https:\/\/xn--jegkrertur-3cb.dk\/index.php\/wp-json\/wp\/v2\/pages\/89\/revisions\/223"}],"wp:attachment":[{"href":"https:\/\/xn--jegkrertur-3cb.dk\/index.php\/wp-json\/wp\/v2\/media?parent=89"}],"curies":[{"name":"wp","href":"https:\/\/api.w.org\/{rel}","templated":true}]}}