{"id":351,"date":"2025-06-06T07:00:21","date_gmt":"2025-06-06T07:00:21","guid":{"rendered":"https:\/\/xn--jegkrertur-3cb.dk\/?page_id=351"},"modified":"2025-06-06T07:00:21","modified_gmt":"2025-06-06T07:00:21","slug":"traef-og-koeretoejsdag-rantzausminde-2","status":"publish","type":"page","link":"https:\/\/xn--jegkrertur-3cb.dk\/index.php\/traef-og-koeretoejsdag-rantzausminde-2\/","title":{"rendered":"Tr\u00e6f og K\u00f8ret\u00f8jsdag Rantzausminde\u00a0"},"content":{"rendered":"\n<p>S\u00e5 blev det igen tid til det store tr\u00e6f hvor jeg endnu engang kiggede forbi.<\/p>\n\n\n\n<figure class=\"wp-block-image size-large\"><img loading=\"lazy\" decoding=\"async\" width=\"1024\" height=\"706\" src=\"https:\/\/xn--jegkrertur-3cb.dk\/wp-content\/uploads\/2025\/06\/20250605_110450-scaled-e1749193199846-1024x706.jpg\" alt=\"\" class=\"wp-image-352\" srcset=\"https:\/\/xn--jegkrertur-3cb.dk\/wp-content\/uploads\/2025\/06\/20250605_110450-scaled-e1749193199846-1024x706.jpg 1024w, https:\/\/xn--jegkrertur-3cb.dk\/wp-content\/uploads\/2025\/06\/20250605_110450-scaled-e1749193199846-300x207.jpg 300w, https:\/\/xn--jegkrertur-3cb.dk\/wp-content\/uploads\/2025\/06\/20250605_110450-scaled-e1749193199846-768x529.jpg 768w, https:\/\/xn--jegkrertur-3cb.dk\/wp-content\/uploads\/2025\/06\/20250605_110450-scaled-e1749193199846-1536x1058.jpg 1536w, https:\/\/xn--jegkrertur-3cb.dk\/wp-content\/uploads\/2025\/06\/20250605_110450-scaled-e1749193199846-2048x1411.jpg 2048w\" sizes=\"auto, (max-width: 767px) 89vw, (max-width: 1000px) 54vw, (max-width: 1071px) 543px, 580px\" \/><\/figure>\n","protected":false},"excerpt":{"rendered":"<p>S\u00e5 blev det igen tid til det store tr\u00e6f hvor jeg endnu engang kiggede forbi.<\/p>\n","protected":false},"author":3,"featured_media":0,"parent":0,"menu_order":0,"comment_status":"closed","ping_status":"closed","template":"","meta":{"footnotes":""},"class_list":["post-351","page","type-page","status-publish","hentry"],"_links":{"self":[{"href":"https:\/\/xn--jegkrertur-3cb.dk\/index.php\/wp-json\/wp\/v2\/pages\/351","targetHints":{"allow":["GET"]}}],"collection":[{"href":"https:\/\/xn--jegkrertur-3cb.dk\/index.php\/wp-json\/wp\/v2\/pages"}],"about":[{"href":"https:\/\/xn--jegkrertur-3cb.dk\/index.php\/wp-json\/wp\/v2\/types\/page"}],"author":[{"embeddable":true,"href":"https:\/\/xn--jegkrertur-3cb.dk\/index.php\/wp-json\/wp\/v2\/users\/3"}],"replies":[{"embeddable":true,"href":"https:\/\/xn--jegkrertur-3cb.dk\/index.php\/wp-json\/wp\/v2\/comments?post=351"}],"version-history":[{"count":1,"href":"https:\/\/xn--jegkrertur-3cb.dk\/index.php\/wp-json\/wp\/v2\/pages\/351\/revisions"}],"predecessor-version":[{"id":353,"href":"https:\/\/xn--jegkrertur-3cb.dk\/index.php\/wp-json\/wp\/v2\/pages\/351\/revisions\/353"}],"wp:attachment":[{"href":"https:\/\/xn--jegkrertur-3cb.dk\/index.php\/wp-json\/wp\/v2\/media?parent=351"}],"curies":[{"name":"wp","href":"https:\/\/api.w.org\/{rel}","templated":true}]}}