{"id":344,"date":"2025-05-01T13:51:12","date_gmt":"2025-05-01T13:51:12","guid":{"rendered":"https:\/\/xn--jegkrertur-3cb.dk\/?page_id=344"},"modified":"2025-05-01T13:51:12","modified_gmt":"2025-05-01T13:51:12","slug":"opstartstur","status":"publish","type":"page","link":"https:\/\/xn--jegkrertur-3cb.dk\/index.php\/opstartstur\/","title":{"rendered":"Opstartstur"},"content":{"rendered":"\n<p>S\u00e5 kom dagen hvor veteranbilen skulle ud af vinterhiet og i gang med s\u00e6son 2025<\/p>\n\n\n\n<p>S\u00e5 her er der lige et billede taget af bilen p\u00e5 en tilf\u00e6ldig lille vej. Vi h\u00e5ber p\u00e5 at dette bliver starten p\u00e5 en god og solrig sommer s\u00e5 bilen kan komme ud og k\u00f8re.<\/p>\n\n\n\n<figure class=\"wp-block-image size-large\"><img loading=\"lazy\" decoding=\"async\" width=\"1024\" height=\"576\" src=\"https:\/\/xn--jegkrertur-3cb.dk\/wp-content\/uploads\/2025\/05\/20250501_132643-1024x576.jpg\" alt=\"\" class=\"wp-image-345\" srcset=\"https:\/\/xn--jegkrertur-3cb.dk\/wp-content\/uploads\/2025\/05\/20250501_132643-1024x576.jpg 1024w, https:\/\/xn--jegkrertur-3cb.dk\/wp-content\/uploads\/2025\/05\/20250501_132643-300x169.jpg 300w, https:\/\/xn--jegkrertur-3cb.dk\/wp-content\/uploads\/2025\/05\/20250501_132643-768x432.jpg 768w, https:\/\/xn--jegkrertur-3cb.dk\/wp-content\/uploads\/2025\/05\/20250501_132643-1536x864.jpg 1536w, https:\/\/xn--jegkrertur-3cb.dk\/wp-content\/uploads\/2025\/05\/20250501_132643-2048x1152.jpg 2048w\" sizes=\"auto, (max-width: 767px) 89vw, (max-width: 1000px) 54vw, (max-width: 1071px) 543px, 580px\" \/><\/figure>\n","protected":false},"excerpt":{"rendered":"<p>S\u00e5 kom dagen hvor veteranbilen skulle ud af vinterhiet og i gang med s\u00e6son 2025 S\u00e5 her er der lige et billede taget af bilen p\u00e5 en tilf\u00e6ldig lille vej. Vi h\u00e5ber p\u00e5 at dette bliver starten p\u00e5 en god og solrig sommer s\u00e5 bilen kan komme ud og k\u00f8re.<\/p>\n","protected":false},"author":3,"featured_media":0,"parent":0,"menu_order":0,"comment_status":"closed","ping_status":"closed","template":"","meta":{"footnotes":""},"class_list":["post-344","page","type-page","status-publish","hentry"],"_links":{"self":[{"href":"https:\/\/xn--jegkrertur-3cb.dk\/index.php\/wp-json\/wp\/v2\/pages\/344","targetHints":{"allow":["GET"]}}],"collection":[{"href":"https:\/\/xn--jegkrertur-3cb.dk\/index.php\/wp-json\/wp\/v2\/pages"}],"about":[{"href":"https:\/\/xn--jegkrertur-3cb.dk\/index.php\/wp-json\/wp\/v2\/types\/page"}],"author":[{"embeddable":true,"href":"https:\/\/xn--jegkrertur-3cb.dk\/index.php\/wp-json\/wp\/v2\/users\/3"}],"replies":[{"embeddable":true,"href":"https:\/\/xn--jegkrertur-3cb.dk\/index.php\/wp-json\/wp\/v2\/comments?post=344"}],"version-history":[{"count":1,"href":"https:\/\/xn--jegkrertur-3cb.dk\/index.php\/wp-json\/wp\/v2\/pages\/344\/revisions"}],"predecessor-version":[{"id":346,"href":"https:\/\/xn--jegkrertur-3cb.dk\/index.php\/wp-json\/wp\/v2\/pages\/344\/revisions\/346"}],"wp:attachment":[{"href":"https:\/\/xn--jegkrertur-3cb.dk\/index.php\/wp-json\/wp\/v2\/media?parent=344"}],"curies":[{"name":"wp","href":"https:\/\/api.w.org\/{rel}","templated":true}]}}