{"id":319,"date":"2025-02-21T20:17:45","date_gmt":"2025-02-21T20:17:45","guid":{"rendered":"https:\/\/xn--jegkrertur-3cb.dk\/?page_id=319"},"modified":"2025-02-21T20:17:45","modified_gmt":"2025-02-21T20:17:45","slug":"dyreborg-strand-knold-drejet","status":"publish","type":"page","link":"https:\/\/xn--jegkrertur-3cb.dk\/index.php\/dyreborg-strand-knold-drejet\/","title":{"rendered":"Dyreborg Strand &#8211; Knold, Drejet"},"content":{"rendered":"\n<p>P\u00e5 en dag med lidt bl\u00e6st skulle bilen lige ud og luftes lidt s\u00e5 turen gik til P-pladsen ved Dyreborg strand et dejligt omr\u00e5de hvor der er mulighed for at g\u00e5 en tur rundt i omr\u00e5det ud mod Knolden ser mere <a href=\"https:\/\/www.visitfaaborg.dk\/faaborg\/planlaeg-din-tur\/dyreborg-strand-knold-drejet-gdk613827\" data-type=\"link\" data-id=\"https:\/\/www.visitfaaborg.dk\/faaborg\/planlaeg-din-tur\/dyreborg-strand-knold-drejet-gdk613827\">her<\/a> eller <a href=\"https:\/\/www.rundtidanmark.dk\/dyreborg-knolden\/\" data-type=\"link\" data-id=\"https:\/\/www.rundtidanmark.dk\/dyreborg-knolden\/\">her<\/a><\/p>\n\n\n\n<figure class=\"wp-block-image size-large\"><img loading=\"lazy\" decoding=\"async\" width=\"1024\" height=\"768\" src=\"https:\/\/xn--jegkrertur-3cb.dk\/wp-content\/uploads\/2025\/02\/20240602_130808-1024x768.jpg\" alt=\"\" class=\"wp-image-320\" srcset=\"https:\/\/xn--jegkrertur-3cb.dk\/wp-content\/uploads\/2025\/02\/20240602_130808-1024x768.jpg 1024w, https:\/\/xn--jegkrertur-3cb.dk\/wp-content\/uploads\/2025\/02\/20240602_130808-300x225.jpg 300w, https:\/\/xn--jegkrertur-3cb.dk\/wp-content\/uploads\/2025\/02\/20240602_130808-768x576.jpg 768w, https:\/\/xn--jegkrertur-3cb.dk\/wp-content\/uploads\/2025\/02\/20240602_130808-1536x1152.jpg 1536w, https:\/\/xn--jegkrertur-3cb.dk\/wp-content\/uploads\/2025\/02\/20240602_130808-2048x1536.jpg 2048w\" sizes=\"auto, (max-width: 767px) 89vw, (max-width: 1000px) 54vw, (max-width: 1071px) 543px, 580px\" \/><\/figure>\n","protected":false},"excerpt":{"rendered":"<p>P\u00e5 en dag med lidt bl\u00e6st skulle bilen lige ud og luftes lidt s\u00e5 turen gik til P-pladsen ved Dyreborg strand et dejligt omr\u00e5de hvor der er mulighed for at g\u00e5 en tur rundt i omr\u00e5det ud mod Knolden ser mere her eller her<\/p>\n","protected":false},"author":3,"featured_media":0,"parent":0,"menu_order":0,"comment_status":"closed","ping_status":"closed","template":"","meta":{"footnotes":""},"class_list":["post-319","page","type-page","status-publish","hentry"],"_links":{"self":[{"href":"https:\/\/xn--jegkrertur-3cb.dk\/index.php\/wp-json\/wp\/v2\/pages\/319","targetHints":{"allow":["GET"]}}],"collection":[{"href":"https:\/\/xn--jegkrertur-3cb.dk\/index.php\/wp-json\/wp\/v2\/pages"}],"about":[{"href":"https:\/\/xn--jegkrertur-3cb.dk\/index.php\/wp-json\/wp\/v2\/types\/page"}],"author":[{"embeddable":true,"href":"https:\/\/xn--jegkrertur-3cb.dk\/index.php\/wp-json\/wp\/v2\/users\/3"}],"replies":[{"embeddable":true,"href":"https:\/\/xn--jegkrertur-3cb.dk\/index.php\/wp-json\/wp\/v2\/comments?post=319"}],"version-history":[{"count":1,"href":"https:\/\/xn--jegkrertur-3cb.dk\/index.php\/wp-json\/wp\/v2\/pages\/319\/revisions"}],"predecessor-version":[{"id":321,"href":"https:\/\/xn--jegkrertur-3cb.dk\/index.php\/wp-json\/wp\/v2\/pages\/319\/revisions\/321"}],"wp:attachment":[{"href":"https:\/\/xn--jegkrertur-3cb.dk\/index.php\/wp-json\/wp\/v2\/media?parent=319"}],"curies":[{"name":"wp","href":"https:\/\/api.w.org\/{rel}","templated":true}]}}