{"id":314,"date":"2025-02-21T20:00:49","date_gmt":"2025-02-21T20:00:49","guid":{"rendered":"https:\/\/xn--jegkrertur-3cb.dk\/?page_id=314"},"modified":"2025-02-21T20:00:49","modified_gmt":"2025-02-21T20:00:49","slug":"gislev-historiske-koeretoejer","status":"publish","type":"page","link":"https:\/\/xn--jegkrertur-3cb.dk\/index.php\/gislev-historiske-koeretoejer\/","title":{"rendered":"Gislev \u2013 Historiske K\u00f8ret\u00f8jer"},"content":{"rendered":"\n<p>S\u00e5 blev der startet et nyt m\u00f8dested op for veteranbiler i Gislev ved \u00c5dalscenen. Indgangen til \u00c5dalscenen er ved at man k\u00f8rer ind ved forsamlingshuset p-plads men der er sat godt med skilte op s\u00e5 det er nemt at finde. Her er et billede fra f\u00f8rste gang det blev afholdt.<\/p>\n\n\n\n<figure class=\"wp-block-image size-large\"><img loading=\"lazy\" decoding=\"async\" width=\"1024\" height=\"768\" src=\"https:\/\/xn--jegkrertur-3cb.dk\/wp-content\/uploads\/2025\/02\/20240525_131758-1024x768.jpg\" alt=\"\" class=\"wp-image-315\" srcset=\"https:\/\/xn--jegkrertur-3cb.dk\/wp-content\/uploads\/2025\/02\/20240525_131758-1024x768.jpg 1024w, https:\/\/xn--jegkrertur-3cb.dk\/wp-content\/uploads\/2025\/02\/20240525_131758-300x225.jpg 300w, https:\/\/xn--jegkrertur-3cb.dk\/wp-content\/uploads\/2025\/02\/20240525_131758-768x576.jpg 768w, https:\/\/xn--jegkrertur-3cb.dk\/wp-content\/uploads\/2025\/02\/20240525_131758-1536x1152.jpg 1536w, https:\/\/xn--jegkrertur-3cb.dk\/wp-content\/uploads\/2025\/02\/20240525_131758-2048x1536.jpg 2048w\" sizes=\"auto, (max-width: 767px) 89vw, (max-width: 1000px) 54vw, (max-width: 1071px) 543px, 580px\" \/><\/figure>\n","protected":false},"excerpt":{"rendered":"<p>S\u00e5 blev der startet et nyt m\u00f8dested op for veteranbiler i Gislev ved \u00c5dalscenen. Indgangen til \u00c5dalscenen er ved at man k\u00f8rer ind ved forsamlingshuset p-plads men der er sat godt med skilte op s\u00e5 det er nemt at finde. Her er et billede fra f\u00f8rste gang det blev afholdt.<\/p>\n","protected":false},"author":3,"featured_media":0,"parent":0,"menu_order":0,"comment_status":"closed","ping_status":"closed","template":"","meta":{"footnotes":""},"class_list":["post-314","page","type-page","status-publish","hentry"],"_links":{"self":[{"href":"https:\/\/xn--jegkrertur-3cb.dk\/index.php\/wp-json\/wp\/v2\/pages\/314","targetHints":{"allow":["GET"]}}],"collection":[{"href":"https:\/\/xn--jegkrertur-3cb.dk\/index.php\/wp-json\/wp\/v2\/pages"}],"about":[{"href":"https:\/\/xn--jegkrertur-3cb.dk\/index.php\/wp-json\/wp\/v2\/types\/page"}],"author":[{"embeddable":true,"href":"https:\/\/xn--jegkrertur-3cb.dk\/index.php\/wp-json\/wp\/v2\/users\/3"}],"replies":[{"embeddable":true,"href":"https:\/\/xn--jegkrertur-3cb.dk\/index.php\/wp-json\/wp\/v2\/comments?post=314"}],"version-history":[{"count":1,"href":"https:\/\/xn--jegkrertur-3cb.dk\/index.php\/wp-json\/wp\/v2\/pages\/314\/revisions"}],"predecessor-version":[{"id":316,"href":"https:\/\/xn--jegkrertur-3cb.dk\/index.php\/wp-json\/wp\/v2\/pages\/314\/revisions\/316"}],"wp:attachment":[{"href":"https:\/\/xn--jegkrertur-3cb.dk\/index.php\/wp-json\/wp\/v2\/media?parent=314"}],"curies":[{"name":"wp","href":"https:\/\/api.w.org\/{rel}","templated":true}]}}