{"id":308,"date":"2025-02-21T19:40:55","date_gmt":"2025-02-21T19:40:55","guid":{"rendered":"https:\/\/xn--jegkrertur-3cb.dk\/?page_id=308"},"modified":"2025-02-21T19:40:55","modified_gmt":"2025-02-21T19:40:55","slug":"krumstrupvej-ved-loerup","status":"publish","type":"page","link":"https:\/\/xn--jegkrertur-3cb.dk\/index.php\/krumstrupvej-ved-loerup\/","title":{"rendered":"Krumstrupvej ved L\u00f8rup"},"content":{"rendered":"\n<p>Endnu en tur ud i det gr\u00f8nne og denne gang fandt jeg en lille holdeplads med et bord hvor man kunne kigge ud over en s\u00f8 og marker lige inden k\u00f8rte jeg forbi dette sted <a href=\"https:\/\/maps.app.goo.gl\/nZbcTkA7xnxh2t7A8\">https:\/\/maps.app.goo.gl\/nZbcTkA7xnxh2t7A8<\/a><\/p>\n\n\n\n<figure class=\"wp-block-image size-large\"><img loading=\"lazy\" decoding=\"async\" width=\"1024\" height=\"768\" src=\"https:\/\/xn--jegkrertur-3cb.dk\/wp-content\/uploads\/2025\/02\/20240512_145114-1024x768.jpg\" alt=\"\" class=\"wp-image-310\" srcset=\"https:\/\/xn--jegkrertur-3cb.dk\/wp-content\/uploads\/2025\/02\/20240512_145114-1024x768.jpg 1024w, https:\/\/xn--jegkrertur-3cb.dk\/wp-content\/uploads\/2025\/02\/20240512_145114-300x225.jpg 300w, https:\/\/xn--jegkrertur-3cb.dk\/wp-content\/uploads\/2025\/02\/20240512_145114-768x576.jpg 768w, https:\/\/xn--jegkrertur-3cb.dk\/wp-content\/uploads\/2025\/02\/20240512_145114-1536x1152.jpg 1536w, https:\/\/xn--jegkrertur-3cb.dk\/wp-content\/uploads\/2025\/02\/20240512_145114-2048x1536.jpg 2048w\" sizes=\"auto, (max-width: 767px) 89vw, (max-width: 1000px) 54vw, (max-width: 1071px) 543px, 580px\" \/><\/figure>\n","protected":false},"excerpt":{"rendered":"<p>Endnu en tur ud i det gr\u00f8nne og denne gang fandt jeg en lille holdeplads med et bord hvor man kunne kigge ud over en s\u00f8 og marker lige inden k\u00f8rte jeg forbi dette sted https:\/\/maps.app.goo.gl\/nZbcTkA7xnxh2t7A8<\/p>\n","protected":false},"author":3,"featured_media":0,"parent":0,"menu_order":0,"comment_status":"closed","ping_status":"closed","template":"","meta":{"footnotes":""},"class_list":["post-308","page","type-page","status-publish","hentry"],"_links":{"self":[{"href":"https:\/\/xn--jegkrertur-3cb.dk\/index.php\/wp-json\/wp\/v2\/pages\/308","targetHints":{"allow":["GET"]}}],"collection":[{"href":"https:\/\/xn--jegkrertur-3cb.dk\/index.php\/wp-json\/wp\/v2\/pages"}],"about":[{"href":"https:\/\/xn--jegkrertur-3cb.dk\/index.php\/wp-json\/wp\/v2\/types\/page"}],"author":[{"embeddable":true,"href":"https:\/\/xn--jegkrertur-3cb.dk\/index.php\/wp-json\/wp\/v2\/users\/3"}],"replies":[{"embeddable":true,"href":"https:\/\/xn--jegkrertur-3cb.dk\/index.php\/wp-json\/wp\/v2\/comments?post=308"}],"version-history":[{"count":2,"href":"https:\/\/xn--jegkrertur-3cb.dk\/index.php\/wp-json\/wp\/v2\/pages\/308\/revisions"}],"predecessor-version":[{"id":311,"href":"https:\/\/xn--jegkrertur-3cb.dk\/index.php\/wp-json\/wp\/v2\/pages\/308\/revisions\/311"}],"wp:attachment":[{"href":"https:\/\/xn--jegkrertur-3cb.dk\/index.php\/wp-json\/wp\/v2\/media?parent=308"}],"curies":[{"name":"wp","href":"https:\/\/api.w.org\/{rel}","templated":true}]}}