{"id":294,"date":"2025-02-21T19:09:32","date_gmt":"2025-02-21T19:09:32","guid":{"rendered":"https:\/\/xn--jegkrertur-3cb.dk\/?page_id=294"},"modified":"2025-02-22T20:24:15","modified_gmt":"2025-02-22T20:24:15","slug":"kongshoej-moellesoe","status":"publish","type":"page","link":"https:\/\/xn--jegkrertur-3cb.dk\/index.php\/kongshoej-moellesoe\/","title":{"rendered":"Kongsh\u00f8j M\u00f8lles\u00f8"},"content":{"rendered":"\n<p>S\u00f8ndagsturen denne s\u00f8ndag gik til Kongsh\u00f8j M\u00f8lles\u00f8 et flot sted hvor der er mulighed for at drikke en kop medbragt kaffe eller hvad man lige \u00f8nsker.<\/p>\n\n\n\n<p>Se mere om stedet <a href=\"https:\/\/www.visitnyborg.dk\/nyborg\/planlaeg-din-tur\/kongshoej-moelle-150-m-gdk846996\" data-type=\"link\" data-id=\"https:\/\/www.visitnyborg.dk\/nyborg\/planlaeg-din-tur\/kongshoej-moelle-150-m-gdk846996\">her<\/a><\/p>\n\n\n\n<figure class=\"wp-block-image size-large\"><img loading=\"lazy\" decoding=\"async\" width=\"1024\" height=\"768\" src=\"https:\/\/xn--jegkrertur-3cb.dk\/wp-content\/uploads\/2025\/02\/20240512_113759-1024x768.jpg\" alt=\"\" class=\"wp-image-296\" srcset=\"https:\/\/xn--jegkrertur-3cb.dk\/wp-content\/uploads\/2025\/02\/20240512_113759-1024x768.jpg 1024w, https:\/\/xn--jegkrertur-3cb.dk\/wp-content\/uploads\/2025\/02\/20240512_113759-300x225.jpg 300w, https:\/\/xn--jegkrertur-3cb.dk\/wp-content\/uploads\/2025\/02\/20240512_113759-768x576.jpg 768w, https:\/\/xn--jegkrertur-3cb.dk\/wp-content\/uploads\/2025\/02\/20240512_113759-1536x1152.jpg 1536w, https:\/\/xn--jegkrertur-3cb.dk\/wp-content\/uploads\/2025\/02\/20240512_113759-2048x1536.jpg 2048w\" sizes=\"auto, (max-width: 767px) 89vw, (max-width: 1000px) 54vw, (max-width: 1071px) 543px, 580px\" \/><\/figure>\n\n\n\n<figure class=\"wp-block-image size-large\"><img loading=\"lazy\" decoding=\"async\" width=\"1024\" height=\"768\" src=\"https:\/\/xn--jegkrertur-3cb.dk\/wp-content\/uploads\/2025\/02\/20240512_113929-1024x768.jpg\" alt=\"\" class=\"wp-image-297\" srcset=\"https:\/\/xn--jegkrertur-3cb.dk\/wp-content\/uploads\/2025\/02\/20240512_113929-1024x768.jpg 1024w, https:\/\/xn--jegkrertur-3cb.dk\/wp-content\/uploads\/2025\/02\/20240512_113929-300x225.jpg 300w, https:\/\/xn--jegkrertur-3cb.dk\/wp-content\/uploads\/2025\/02\/20240512_113929-768x576.jpg 768w, https:\/\/xn--jegkrertur-3cb.dk\/wp-content\/uploads\/2025\/02\/20240512_113929-1536x1152.jpg 1536w, https:\/\/xn--jegkrertur-3cb.dk\/wp-content\/uploads\/2025\/02\/20240512_113929-2048x1536.jpg 2048w\" sizes=\"auto, (max-width: 767px) 89vw, (max-width: 1000px) 54vw, (max-width: 1071px) 543px, 580px\" \/><\/figure>\n\n\n\n<figure class=\"wp-block-image size-large\"><img loading=\"lazy\" decoding=\"async\" width=\"1024\" height=\"768\" src=\"https:\/\/xn--jegkrertur-3cb.dk\/wp-content\/uploads\/2025\/02\/20240512_114557-1024x768.jpg\" alt=\"\" class=\"wp-image-298\" srcset=\"https:\/\/xn--jegkrertur-3cb.dk\/wp-content\/uploads\/2025\/02\/20240512_114557-1024x768.jpg 1024w, https:\/\/xn--jegkrertur-3cb.dk\/wp-content\/uploads\/2025\/02\/20240512_114557-300x225.jpg 300w, https:\/\/xn--jegkrertur-3cb.dk\/wp-content\/uploads\/2025\/02\/20240512_114557-768x576.jpg 768w, https:\/\/xn--jegkrertur-3cb.dk\/wp-content\/uploads\/2025\/02\/20240512_114557-1536x1152.jpg 1536w, https:\/\/xn--jegkrertur-3cb.dk\/wp-content\/uploads\/2025\/02\/20240512_114557-2048x1536.jpg 2048w\" sizes=\"auto, (max-width: 767px) 89vw, (max-width: 1000px) 54vw, (max-width: 1071px) 543px, 580px\" \/><\/figure>\n","protected":false},"excerpt":{"rendered":"<p>S\u00f8ndagsturen denne s\u00f8ndag gik til Kongsh\u00f8j M\u00f8lles\u00f8 et flot sted hvor der er mulighed for at drikke en kop medbragt kaffe eller hvad man lige \u00f8nsker. Se mere om stedet her<\/p>\n","protected":false},"author":3,"featured_media":0,"parent":0,"menu_order":0,"comment_status":"closed","ping_status":"closed","template":"","meta":{"footnotes":""},"class_list":["post-294","page","type-page","status-publish","hentry"],"_links":{"self":[{"href":"https:\/\/xn--jegkrertur-3cb.dk\/index.php\/wp-json\/wp\/v2\/pages\/294","targetHints":{"allow":["GET"]}}],"collection":[{"href":"https:\/\/xn--jegkrertur-3cb.dk\/index.php\/wp-json\/wp\/v2\/pages"}],"about":[{"href":"https:\/\/xn--jegkrertur-3cb.dk\/index.php\/wp-json\/wp\/v2\/types\/page"}],"author":[{"embeddable":true,"href":"https:\/\/xn--jegkrertur-3cb.dk\/index.php\/wp-json\/wp\/v2\/users\/3"}],"replies":[{"embeddable":true,"href":"https:\/\/xn--jegkrertur-3cb.dk\/index.php\/wp-json\/wp\/v2\/comments?post=294"}],"version-history":[{"count":2,"href":"https:\/\/xn--jegkrertur-3cb.dk\/index.php\/wp-json\/wp\/v2\/pages\/294\/revisions"}],"predecessor-version":[{"id":338,"href":"https:\/\/xn--jegkrertur-3cb.dk\/index.php\/wp-json\/wp\/v2\/pages\/294\/revisions\/338"}],"wp:attachment":[{"href":"https:\/\/xn--jegkrertur-3cb.dk\/index.php\/wp-json\/wp\/v2\/media?parent=294"}],"curies":[{"name":"wp","href":"https:\/\/api.w.org\/{rel}","templated":true}]}}