{"id":281,"date":"2025-02-21T18:41:15","date_gmt":"2025-02-21T18:41:15","guid":{"rendered":"https:\/\/xn--jegkrertur-3cb.dk\/?page_id=281"},"modified":"2025-02-22T20:18:06","modified_gmt":"2025-02-22T20:18:06","slug":"bregnoer-havn","status":"publish","type":"page","link":"https:\/\/xn--jegkrertur-3cb.dk\/index.php\/bregnoer-havn\/","title":{"rendered":"Bregn\u00f8r havn"},"content":{"rendered":"\n<p>S\u00e5 gik turen til Bregn\u00f8r havn et sted som jeg ikke tror jeg har bes\u00f8gt tidligere. Et ret sp\u00e6ndende sted hvor man k\u00f8rer over en d\u00e6mning for at komme ud til havnen hvor der er en flot udsigt hvis man g\u00e5r helt ud til indsejlingen. <\/p>\n\n\n\n<p>Ser mere om dette sted <a href=\"https:\/\/www.kertemindehavn.dk\/bregnoer-havn\/\" data-type=\"link\" data-id=\"https:\/\/www.kertemindehavn.dk\/bregnoer-havn\/\">her<\/a><\/p>\n\n\n\n<figure class=\"wp-block-image size-large\"><img loading=\"lazy\" decoding=\"async\" width=\"1024\" height=\"768\" src=\"https:\/\/xn--jegkrertur-3cb.dk\/wp-content\/uploads\/2025\/02\/20240501_164102-1024x768.jpg\" alt=\"\" class=\"wp-image-282\" srcset=\"https:\/\/xn--jegkrertur-3cb.dk\/wp-content\/uploads\/2025\/02\/20240501_164102-1024x768.jpg 1024w, https:\/\/xn--jegkrertur-3cb.dk\/wp-content\/uploads\/2025\/02\/20240501_164102-300x225.jpg 300w, https:\/\/xn--jegkrertur-3cb.dk\/wp-content\/uploads\/2025\/02\/20240501_164102-768x576.jpg 768w, https:\/\/xn--jegkrertur-3cb.dk\/wp-content\/uploads\/2025\/02\/20240501_164102-1536x1152.jpg 1536w, https:\/\/xn--jegkrertur-3cb.dk\/wp-content\/uploads\/2025\/02\/20240501_164102-2048x1536.jpg 2048w\" sizes=\"auto, (max-width: 767px) 89vw, (max-width: 1000px) 54vw, (max-width: 1071px) 543px, 580px\" \/><\/figure>\n\n\n\n<figure class=\"wp-block-image size-large\"><img loading=\"lazy\" decoding=\"async\" width=\"1024\" height=\"768\" src=\"https:\/\/xn--jegkrertur-3cb.dk\/wp-content\/uploads\/2025\/02\/20240501_164229-1024x768.jpg\" alt=\"\" class=\"wp-image-283\" srcset=\"https:\/\/xn--jegkrertur-3cb.dk\/wp-content\/uploads\/2025\/02\/20240501_164229-1024x768.jpg 1024w, https:\/\/xn--jegkrertur-3cb.dk\/wp-content\/uploads\/2025\/02\/20240501_164229-300x225.jpg 300w, https:\/\/xn--jegkrertur-3cb.dk\/wp-content\/uploads\/2025\/02\/20240501_164229-768x576.jpg 768w, https:\/\/xn--jegkrertur-3cb.dk\/wp-content\/uploads\/2025\/02\/20240501_164229-1536x1152.jpg 1536w, https:\/\/xn--jegkrertur-3cb.dk\/wp-content\/uploads\/2025\/02\/20240501_164229-2048x1536.jpg 2048w\" sizes=\"auto, (max-width: 767px) 89vw, (max-width: 1000px) 54vw, (max-width: 1071px) 543px, 580px\" \/><\/figure>\n","protected":false},"excerpt":{"rendered":"<p>S\u00e5 gik turen til Bregn\u00f8r havn et sted som jeg ikke tror jeg har bes\u00f8gt tidligere. Et ret sp\u00e6ndende sted hvor man k\u00f8rer over en d\u00e6mning for at komme ud til havnen hvor der er en flot udsigt hvis man g\u00e5r helt ud til indsejlingen. Ser mere om dette sted her<\/p>\n","protected":false},"author":3,"featured_media":0,"parent":0,"menu_order":0,"comment_status":"closed","ping_status":"closed","template":"","meta":{"footnotes":""},"class_list":["post-281","page","type-page","status-publish","hentry"],"_links":{"self":[{"href":"https:\/\/xn--jegkrertur-3cb.dk\/index.php\/wp-json\/wp\/v2\/pages\/281","targetHints":{"allow":["GET"]}}],"collection":[{"href":"https:\/\/xn--jegkrertur-3cb.dk\/index.php\/wp-json\/wp\/v2\/pages"}],"about":[{"href":"https:\/\/xn--jegkrertur-3cb.dk\/index.php\/wp-json\/wp\/v2\/types\/page"}],"author":[{"embeddable":true,"href":"https:\/\/xn--jegkrertur-3cb.dk\/index.php\/wp-json\/wp\/v2\/users\/3"}],"replies":[{"embeddable":true,"href":"https:\/\/xn--jegkrertur-3cb.dk\/index.php\/wp-json\/wp\/v2\/comments?post=281"}],"version-history":[{"count":3,"href":"https:\/\/xn--jegkrertur-3cb.dk\/index.php\/wp-json\/wp\/v2\/pages\/281\/revisions"}],"predecessor-version":[{"id":335,"href":"https:\/\/xn--jegkrertur-3cb.dk\/index.php\/wp-json\/wp\/v2\/pages\/281\/revisions\/335"}],"wp:attachment":[{"href":"https:\/\/xn--jegkrertur-3cb.dk\/index.php\/wp-json\/wp\/v2\/media?parent=281"}],"curies":[{"name":"wp","href":"https:\/\/api.w.org\/{rel}","templated":true}]}}