{"id":273,"date":"2025-02-21T18:10:35","date_gmt":"2025-02-21T18:10:35","guid":{"rendered":"https:\/\/xn--jegkrertur-3cb.dk\/?page_id=273"},"modified":"2025-02-21T20:42:33","modified_gmt":"2025-02-21T20:42:33","slug":"aar-2024","status":"publish","type":"page","link":"https:\/\/xn--jegkrertur-3cb.dk\/index.php\/aar-2024\/","title":{"rendered":"\u00c5r 2024"},"content":{"rendered":"\n<p>Disse steder har v\u00e6ret bes\u00f8gt i \u00e5r 2024<\/p>\n\n\n\n<p><a href=\"https:\/\/xn--jegkrertur-3cb.dk\/index.php\/rantzausminde-veteran-classic-traef\/\">Rantzausminde Veteran &amp; Classic tr\u00e6f<\/a><\/p>\n\n\n\n<p><a href=\"https:\/\/xn--jegkrertur-3cb.dk\/index.php\/bregnoer-havn\/\">Bregn\u00f8r havn <\/a><\/p>\n\n\n\n<p><a href=\"https:\/\/xn--jegkrertur-3cb.dk\/index.php\/viby-moelle\/\">Viby M\u00f8lle<\/a><\/p>\n\n\n\n<p><a href=\"https:\/\/xn--jegkrertur-3cb.dk\/index.php\/kongshoej-moellesoe\/\">Kongsh\u00f8j M\u00f8lles\u00f8<\/a><\/p>\n\n\n\n<p><a href=\"https:\/\/xn--jegkrertur-3cb.dk\/index.php\/lundeborg-kirke\/\">Lundeborg Kirke<\/a><\/p>\n\n\n\n<p><a href=\"https:\/\/xn--jegkrertur-3cb.dk\/index.php\/krumstrupvej-ved-loerup\/\">Krumstrupvej ved L\u00f8rup<\/a><\/p>\n\n\n\n<p><a href=\"https:\/\/xn--jegkrertur-3cb.dk\/index.php\/gislev-historiske-koeretoejer\/\">Gislev \u2013 Historiske K\u00f8ret\u00f8jer<\/a><\/p>\n\n\n\n<p><a href=\"https:\/\/xn--jegkrertur-3cb.dk\/index.php\/dyreborg-strand-knold-drejet\/\">Dyreborg Strand \u2013 Knold, Drejet<\/a><\/p>\n\n\n\n<p><a href=\"https:\/\/xn--jegkrertur-3cb.dk\/index.php\/boejden-bro-slaebested\/\">B\u00f8jden bro &amp; sl\u00e6bested<\/a><\/p>\n\n\n\n<p><a href=\"https:\/\/xn--jegkrertur-3cb.dk\/index.php\/traef-og-koeretoejsdag-rantzausminde\/\">Tr\u00e6f og K\u00f8ret\u00f8jsdag Rantzausminde<\/a><\/p>\n","protected":false},"excerpt":{"rendered":"<p>Disse steder har v\u00e6ret bes\u00f8gt i \u00e5r 2024 Rantzausminde Veteran &amp; Classic tr\u00e6f Bregn\u00f8r havn Viby M\u00f8lle Kongsh\u00f8j M\u00f8lles\u00f8 Lundeborg Kirke Krumstrupvej ved L\u00f8rup Gislev \u2013 Historiske K\u00f8ret\u00f8jer Dyreborg Strand \u2013 Knold, Drejet B\u00f8jden bro &amp; sl\u00e6bested Tr\u00e6f og K\u00f8ret\u00f8jsdag Rantzausminde<\/p>\n","protected":false},"author":3,"featured_media":0,"parent":0,"menu_order":0,"comment_status":"closed","ping_status":"closed","template":"","meta":{"footnotes":""},"class_list":["post-273","page","type-page","status-publish","hentry"],"_links":{"self":[{"href":"https:\/\/xn--jegkrertur-3cb.dk\/index.php\/wp-json\/wp\/v2\/pages\/273","targetHints":{"allow":["GET"]}}],"collection":[{"href":"https:\/\/xn--jegkrertur-3cb.dk\/index.php\/wp-json\/wp\/v2\/pages"}],"about":[{"href":"https:\/\/xn--jegkrertur-3cb.dk\/index.php\/wp-json\/wp\/v2\/types\/page"}],"author":[{"embeddable":true,"href":"https:\/\/xn--jegkrertur-3cb.dk\/index.php\/wp-json\/wp\/v2\/users\/3"}],"replies":[{"embeddable":true,"href":"https:\/\/xn--jegkrertur-3cb.dk\/index.php\/wp-json\/wp\/v2\/comments?post=273"}],"version-history":[{"count":13,"href":"https:\/\/xn--jegkrertur-3cb.dk\/index.php\/wp-json\/wp\/v2\/pages\/273\/revisions"}],"predecessor-version":[{"id":333,"href":"https:\/\/xn--jegkrertur-3cb.dk\/index.php\/wp-json\/wp\/v2\/pages\/273\/revisions\/333"}],"wp:attachment":[{"href":"https:\/\/xn--jegkrertur-3cb.dk\/index.php\/wp-json\/wp\/v2\/media?parent=273"}],"curies":[{"name":"wp","href":"https:\/\/api.w.org\/{rel}","templated":true}]}}