{"id":268,"date":"2025-02-21T18:11:38","date_gmt":"2025-02-21T18:11:38","guid":{"rendered":"https:\/\/xn--jegkrertur-3cb.dk\/?page_id=268"},"modified":"2025-02-21T18:11:38","modified_gmt":"2025-02-21T18:11:38","slug":"rantzausminde-veteran-classic-traef","status":"publish","type":"page","link":"https:\/\/xn--jegkrertur-3cb.dk\/index.php\/rantzausminde-veteran-classic-traef\/","title":{"rendered":"Rantzausminde Veteran &amp; Classic tr\u00e6f"},"content":{"rendered":"\n<p>S\u00e5 kom bilen ud af vinterhiet og f\u00f8rste tur i \u00e5ret 2024 blev en tur til Rantzausminde hvor der er det ugentlige veteranbilstr\u00e6f hver tirsdag fra klokken 17.30- <\/p>\n\n\n\n<figure class=\"wp-block-image size-large\"><img loading=\"lazy\" decoding=\"async\" width=\"1024\" height=\"768\" src=\"https:\/\/xn--jegkrertur-3cb.dk\/wp-content\/uploads\/2025\/02\/20240430_182239-1024x768.jpg\" alt=\"\" class=\"wp-image-270\" srcset=\"https:\/\/xn--jegkrertur-3cb.dk\/wp-content\/uploads\/2025\/02\/20240430_182239-1024x768.jpg 1024w, https:\/\/xn--jegkrertur-3cb.dk\/wp-content\/uploads\/2025\/02\/20240430_182239-300x225.jpg 300w, https:\/\/xn--jegkrertur-3cb.dk\/wp-content\/uploads\/2025\/02\/20240430_182239-768x576.jpg 768w, https:\/\/xn--jegkrertur-3cb.dk\/wp-content\/uploads\/2025\/02\/20240430_182239-1536x1152.jpg 1536w, https:\/\/xn--jegkrertur-3cb.dk\/wp-content\/uploads\/2025\/02\/20240430_182239-2048x1536.jpg 2048w\" sizes=\"auto, (max-width: 767px) 89vw, (max-width: 1000px) 54vw, (max-width: 1071px) 543px, 580px\" \/><\/figure>\n","protected":false},"excerpt":{"rendered":"<p>S\u00e5 kom bilen ud af vinterhiet og f\u00f8rste tur i \u00e5ret 2024 blev en tur til Rantzausminde hvor der er det ugentlige veteranbilstr\u00e6f hver tirsdag fra klokken 17.30-<\/p>\n","protected":false},"author":3,"featured_media":0,"parent":0,"menu_order":0,"comment_status":"closed","ping_status":"closed","template":"","meta":{"footnotes":""},"class_list":["post-268","page","type-page","status-publish","hentry"],"_links":{"self":[{"href":"https:\/\/xn--jegkrertur-3cb.dk\/index.php\/wp-json\/wp\/v2\/pages\/268","targetHints":{"allow":["GET"]}}],"collection":[{"href":"https:\/\/xn--jegkrertur-3cb.dk\/index.php\/wp-json\/wp\/v2\/pages"}],"about":[{"href":"https:\/\/xn--jegkrertur-3cb.dk\/index.php\/wp-json\/wp\/v2\/types\/page"}],"author":[{"embeddable":true,"href":"https:\/\/xn--jegkrertur-3cb.dk\/index.php\/wp-json\/wp\/v2\/users\/3"}],"replies":[{"embeddable":true,"href":"https:\/\/xn--jegkrertur-3cb.dk\/index.php\/wp-json\/wp\/v2\/comments?post=268"}],"version-history":[{"count":2,"href":"https:\/\/xn--jegkrertur-3cb.dk\/index.php\/wp-json\/wp\/v2\/pages\/268\/revisions"}],"predecessor-version":[{"id":272,"href":"https:\/\/xn--jegkrertur-3cb.dk\/index.php\/wp-json\/wp\/v2\/pages\/268\/revisions\/272"}],"wp:attachment":[{"href":"https:\/\/xn--jegkrertur-3cb.dk\/index.php\/wp-json\/wp\/v2\/media?parent=268"}],"curies":[{"name":"wp","href":"https:\/\/api.w.org\/{rel}","templated":true}]}}