{"id":242,"date":"2023-05-08T09:03:43","date_gmt":"2023-05-08T09:03:43","guid":{"rendered":"https:\/\/xn--jegkrertur-3cb.dk\/?page_id=242"},"modified":"2023-05-08T09:06:29","modified_gmt":"2023-05-08T09:06:29","slug":"lykkesholm-slot","status":"publish","type":"page","link":"https:\/\/xn--jegkrertur-3cb.dk\/index.php\/lykkesholm-slot\/","title":{"rendered":"Lykkesholm slot"},"content":{"rendered":"\n<p>F\u00f8rste tur i s\u00e6son 2023 blev en tur til Lykkesholm slot med en indlagt g\u00e5 tur i det super gode vejr en s\u00f8ndag eftermiddag.<\/p>\n\n\n\n<p>G\u00e5 turen blev en tur rundt om om s\u00f8en\/slottet turen den startede ved P-pladsen og s\u00e5 forbi den gamle vandm\u00f8lle men der er ogs\u00e5 andet at se i omr\u00e5det kig evt. <a href=\"https:\/\/files.guidedanmark.org\/files\/446\/283919_Fortidsminderne_ved_Lykkesholm_-_Lindeskov_-_folder_Nyborg_Kommune.pdf\">her<\/a> der er turen vi gik at finde p\u00e5 side 2 p\u00e5 kortet til venstre.<\/p>\n\n\n\n<p>Vil man l\u00e6se mere om stedet Lykkesholm slot kan man kigge <a href=\"https:\/\/www.lykkesholmslot.dk\/\">her<\/a> og <a href=\"https:\/\/www.danskeherregaarde.dk\/nutid\/lykkesholm-fyn\" data-type=\"URL\" data-id=\"https:\/\/www.danskeherregaarde.dk\/nutid\/lykkesholm-fyn\">her<\/a><\/p>\n\n\n\n<p>Bem\u00e6rk at stedet <strong>ikke<\/strong> er offentligt tilg\u00e6ngeligt og <strong>ikke<\/strong> \u00e5bnet for bes\u00f8gende.<\/p>\n\n\n\n<figure class=\"wp-block-image size-large\"><img loading=\"lazy\" decoding=\"async\" width=\"1024\" height=\"576\" src=\"https:\/\/xn--jegkrertur-3cb.dk\/wp-content\/uploads\/2023\/05\/Lykkesholm-slot-1024x576.jpg\" alt=\"\" class=\"wp-image-245\" srcset=\"https:\/\/xn--jegkrertur-3cb.dk\/wp-content\/uploads\/2023\/05\/Lykkesholm-slot-1024x576.jpg 1024w, https:\/\/xn--jegkrertur-3cb.dk\/wp-content\/uploads\/2023\/05\/Lykkesholm-slot-300x169.jpg 300w, https:\/\/xn--jegkrertur-3cb.dk\/wp-content\/uploads\/2023\/05\/Lykkesholm-slot-768x432.jpg 768w, https:\/\/xn--jegkrertur-3cb.dk\/wp-content\/uploads\/2023\/05\/Lykkesholm-slot-1536x864.jpg 1536w, https:\/\/xn--jegkrertur-3cb.dk\/wp-content\/uploads\/2023\/05\/Lykkesholm-slot-2048x1152.jpg 2048w\" sizes=\"auto, (max-width: 767px) 89vw, (max-width: 1000px) 54vw, (max-width: 1071px) 543px, 580px\" \/><\/figure>\n","protected":false},"excerpt":{"rendered":"<p>F\u00f8rste tur i s\u00e6son 2023 blev en tur til Lykkesholm slot med en indlagt g\u00e5 tur i det super gode vejr en s\u00f8ndag eftermiddag. G\u00e5 turen blev en tur rundt om om s\u00f8en\/slottet turen den startede ved P-pladsen og s\u00e5 forbi den gamle vandm\u00f8lle men der er ogs\u00e5 andet at se i omr\u00e5det kig evt. &hellip; <\/p>\n<p class=\"link-more\"><a href=\"https:\/\/xn--jegkrertur-3cb.dk\/index.php\/lykkesholm-slot\/\" class=\"more-link\">L\u00e6s videre<span class=\"screen-reader-text\"> &#8220;Lykkesholm slot&#8221;<\/span><\/a><\/p>\n","protected":false},"author":3,"featured_media":0,"parent":0,"menu_order":0,"comment_status":"closed","ping_status":"closed","template":"","meta":{"footnotes":""},"class_list":["post-242","page","type-page","status-publish","hentry"],"_links":{"self":[{"href":"https:\/\/xn--jegkrertur-3cb.dk\/index.php\/wp-json\/wp\/v2\/pages\/242","targetHints":{"allow":["GET"]}}],"collection":[{"href":"https:\/\/xn--jegkrertur-3cb.dk\/index.php\/wp-json\/wp\/v2\/pages"}],"about":[{"href":"https:\/\/xn--jegkrertur-3cb.dk\/index.php\/wp-json\/wp\/v2\/types\/page"}],"author":[{"embeddable":true,"href":"https:\/\/xn--jegkrertur-3cb.dk\/index.php\/wp-json\/wp\/v2\/users\/3"}],"replies":[{"embeddable":true,"href":"https:\/\/xn--jegkrertur-3cb.dk\/index.php\/wp-json\/wp\/v2\/comments?post=242"}],"version-history":[{"count":4,"href":"https:\/\/xn--jegkrertur-3cb.dk\/index.php\/wp-json\/wp\/v2\/pages\/242\/revisions"}],"predecessor-version":[{"id":248,"href":"https:\/\/xn--jegkrertur-3cb.dk\/index.php\/wp-json\/wp\/v2\/pages\/242\/revisions\/248"}],"wp:attachment":[{"href":"https:\/\/xn--jegkrertur-3cb.dk\/index.php\/wp-json\/wp\/v2\/media?parent=242"}],"curies":[{"name":"wp","href":"https:\/\/api.w.org\/{rel}","templated":true}]}}