{"id":233,"date":"2023-04-09T10:02:54","date_gmt":"2023-04-09T10:02:54","guid":{"rendered":"https:\/\/xn--jegkrertur-3cb.dk\/?page_id=233"},"modified":"2023-05-08T09:11:47","modified_gmt":"2023-05-08T09:11:47","slug":"aar-2023","status":"publish","type":"page","link":"https:\/\/xn--jegkrertur-3cb.dk\/index.php\/aar-2023\/","title":{"rendered":"\u00c5r 2023"},"content":{"rendered":"\n<p>Disse steder har v\u00e6ret bes\u00f8gt i \u00e5r 2023<\/p>\n\n\n\n<p><a href=\"https:\/\/xn--jegkrertur-3cb.dk\/index.php\/foderstoffen-rudme\/\" data-type=\"URL\" data-id=\"https:\/\/xn--jegkrertur-3cb.dk\/index.php\/foderstoffen-rudme\/\">Foderstoffen &#8211; Rudme<\/a><\/p>\n\n\n\n<p><a href=\"https:\/\/xn--jegkrertur-3cb.dk\/index.php\/lykkesholm-slot\/\" data-type=\"URL\" data-id=\"https:\/\/xn--jegkrertur-3cb.dk\/index.php\/lykkesholm-slot\/\">Lykkesholm slot<\/a><\/p>\n","protected":false},"excerpt":{"rendered":"<p>Disse steder har v\u00e6ret bes\u00f8gt i \u00e5r 2023 Foderstoffen &#8211; Rudme Lykkesholm slot<\/p>\n","protected":false},"author":3,"featured_media":0,"parent":0,"menu_order":0,"comment_status":"closed","ping_status":"closed","template":"","meta":{"footnotes":""},"class_list":["post-233","page","type-page","status-publish","hentry"],"_links":{"self":[{"href":"https:\/\/xn--jegkrertur-3cb.dk\/index.php\/wp-json\/wp\/v2\/pages\/233","targetHints":{"allow":["GET"]}}],"collection":[{"href":"https:\/\/xn--jegkrertur-3cb.dk\/index.php\/wp-json\/wp\/v2\/pages"}],"about":[{"href":"https:\/\/xn--jegkrertur-3cb.dk\/index.php\/wp-json\/wp\/v2\/types\/page"}],"author":[{"embeddable":true,"href":"https:\/\/xn--jegkrertur-3cb.dk\/index.php\/wp-json\/wp\/v2\/users\/3"}],"replies":[{"embeddable":true,"href":"https:\/\/xn--jegkrertur-3cb.dk\/index.php\/wp-json\/wp\/v2\/comments?post=233"}],"version-history":[{"count":5,"href":"https:\/\/xn--jegkrertur-3cb.dk\/index.php\/wp-json\/wp\/v2\/pages\/233\/revisions"}],"predecessor-version":[{"id":254,"href":"https:\/\/xn--jegkrertur-3cb.dk\/index.php\/wp-json\/wp\/v2\/pages\/233\/revisions\/254"}],"wp:attachment":[{"href":"https:\/\/xn--jegkrertur-3cb.dk\/index.php\/wp-json\/wp\/v2\/media?parent=233"}],"curies":[{"name":"wp","href":"https:\/\/api.w.org\/{rel}","templated":true}]}}