{"id":228,"date":"2023-04-09T10:02:03","date_gmt":"2023-04-09T10:02:03","guid":{"rendered":"https:\/\/xn--jegkrertur-3cb.dk\/?page_id=228"},"modified":"2023-04-09T21:37:59","modified_gmt":"2023-04-09T21:37:59","slug":"foderstoffen-rudme","status":"publish","type":"page","link":"https:\/\/xn--jegkrertur-3cb.dk\/index.php\/foderstoffen-rudme\/","title":{"rendered":"Foderstoffen &#8211; Rudme"},"content":{"rendered":"\n<p>S\u00e5 blev det endelig sol og sommer og nu er tiden kommet til at f\u00e5 veteranbilen ud af vinterhiet og ud at k\u00f8re igen s\u00e5 den kan blive klar til s\u00e6son 2023 <\/p>\n\n\n\n<p>F\u00f8rste pr\u00f8vetur var ikke t\u00e6nkt som en tur ud og se n\u00e5et men blot en lille rundtur men da jeg kom forbi foderstoffen i Rudme og s\u00e5 denne utrolige flotte skulptur blev det til et hurtig stop for at kigge p\u00e5 den.<\/p>\n\n\n\n<p>Hvis i er interesseret i at se mere om musikstedet Foderstoffen i Rudme s\u00e5 kig <a href=\"https:\/\/www.foderstoffen.dk\/\" data-type=\"URL\" data-id=\"https:\/\/www.foderstoffen.dk\/\">her<\/a><\/p>\n\n\n\n<figure class=\"wp-block-image size-large\"><img loading=\"lazy\" decoding=\"async\" width=\"1024\" height=\"863\" src=\"https:\/\/xn--jegkrertur-3cb.dk\/wp-content\/uploads\/2023\/04\/Foderstoffen-1-scaled-e1681034504415-1024x863.jpg\" alt=\"\" class=\"wp-image-231\" srcset=\"https:\/\/xn--jegkrertur-3cb.dk\/wp-content\/uploads\/2023\/04\/Foderstoffen-1-scaled-e1681034504415-1024x863.jpg 1024w, https:\/\/xn--jegkrertur-3cb.dk\/wp-content\/uploads\/2023\/04\/Foderstoffen-1-scaled-e1681034504415-300x253.jpg 300w, https:\/\/xn--jegkrertur-3cb.dk\/wp-content\/uploads\/2023\/04\/Foderstoffen-1-scaled-e1681034504415-768x647.jpg 768w, https:\/\/xn--jegkrertur-3cb.dk\/wp-content\/uploads\/2023\/04\/Foderstoffen-1-scaled-e1681034504415-1536x1295.jpg 1536w, https:\/\/xn--jegkrertur-3cb.dk\/wp-content\/uploads\/2023\/04\/Foderstoffen-1-scaled-e1681034504415.jpg 1708w\" sizes=\"auto, (max-width: 767px) 89vw, (max-width: 1000px) 54vw, (max-width: 1071px) 543px, 580px\" \/><\/figure>\n","protected":false},"excerpt":{"rendered":"<p>S\u00e5 blev det endelig sol og sommer og nu er tiden kommet til at f\u00e5 veteranbilen ud af vinterhiet og ud at k\u00f8re igen s\u00e5 den kan blive klar til s\u00e6son 2023 F\u00f8rste pr\u00f8vetur var ikke t\u00e6nkt som en tur ud og se n\u00e5et men blot en lille rundtur men da jeg kom forbi foderstoffen &hellip; <\/p>\n<p class=\"link-more\"><a href=\"https:\/\/xn--jegkrertur-3cb.dk\/index.php\/foderstoffen-rudme\/\" class=\"more-link\">L\u00e6s videre<span class=\"screen-reader-text\"> &#8220;Foderstoffen &#8211; Rudme&#8221;<\/span><\/a><\/p>\n","protected":false},"author":3,"featured_media":0,"parent":0,"menu_order":0,"comment_status":"closed","ping_status":"closed","template":"","meta":{"footnotes":""},"class_list":["post-228","page","type-page","status-publish","hentry"],"_links":{"self":[{"href":"https:\/\/xn--jegkrertur-3cb.dk\/index.php\/wp-json\/wp\/v2\/pages\/228","targetHints":{"allow":["GET"]}}],"collection":[{"href":"https:\/\/xn--jegkrertur-3cb.dk\/index.php\/wp-json\/wp\/v2\/pages"}],"about":[{"href":"https:\/\/xn--jegkrertur-3cb.dk\/index.php\/wp-json\/wp\/v2\/types\/page"}],"author":[{"embeddable":true,"href":"https:\/\/xn--jegkrertur-3cb.dk\/index.php\/wp-json\/wp\/v2\/users\/3"}],"replies":[{"embeddable":true,"href":"https:\/\/xn--jegkrertur-3cb.dk\/index.php\/wp-json\/wp\/v2\/comments?post=228"}],"version-history":[{"count":5,"href":"https:\/\/xn--jegkrertur-3cb.dk\/index.php\/wp-json\/wp\/v2\/pages\/228\/revisions"}],"predecessor-version":[{"id":240,"href":"https:\/\/xn--jegkrertur-3cb.dk\/index.php\/wp-json\/wp\/v2\/pages\/228\/revisions\/240"}],"wp:attachment":[{"href":"https:\/\/xn--jegkrertur-3cb.dk\/index.php\/wp-json\/wp\/v2\/media?parent=228"}],"curies":[{"name":"wp","href":"https:\/\/api.w.org\/{rel}","templated":true}]}}