{"id":216,"date":"2022-10-29T12:34:27","date_gmt":"2022-10-29T12:34:27","guid":{"rendered":"https:\/\/xn--jegkrertur-3cb.dk\/?page_id=216"},"modified":"2022-10-29T12:34:27","modified_gmt":"2022-10-29T12:34:27","slug":"ollerup-bunkeren","status":"publish","type":"page","link":"https:\/\/xn--jegkrertur-3cb.dk\/index.php\/ollerup-bunkeren\/","title":{"rendered":"Ollerup Bunkeren"},"content":{"rendered":"\n<p>Endnu en weekend dette er lig med en k\u00f8retur dagens m\u00e5l er Ollerup Bunkeren l\u00e6s mere om den <a href=\"https:\/\/ollerupbunkeren.dk\/\" data-type=\"URL\" data-id=\"https:\/\/ollerupbunkeren.dk\/\">her<\/a> i baggrunden ses nedgang til bunkeren det er muligt at g\u00e5 ned i som det ogs\u00e5 kan ses s\u00e5 er der mulighed for at sidde om spise ved de opsatte borde og b\u00e6nke.<\/p>\n\n\n\n<figure class=\"wp-block-image size-large\"><img loading=\"lazy\" decoding=\"async\" width=\"1024\" height=\"768\" src=\"https:\/\/xn--jegkrertur-3cb.dk\/wp-content\/uploads\/2022\/10\/Olleruo-bunkeranlaeg2-1024x768.jpg\" alt=\"\" class=\"wp-image-217\" srcset=\"https:\/\/xn--jegkrertur-3cb.dk\/wp-content\/uploads\/2022\/10\/Olleruo-bunkeranlaeg2-1024x768.jpg 1024w, https:\/\/xn--jegkrertur-3cb.dk\/wp-content\/uploads\/2022\/10\/Olleruo-bunkeranlaeg2-300x225.jpg 300w, https:\/\/xn--jegkrertur-3cb.dk\/wp-content\/uploads\/2022\/10\/Olleruo-bunkeranlaeg2-768x576.jpg 768w, https:\/\/xn--jegkrertur-3cb.dk\/wp-content\/uploads\/2022\/10\/Olleruo-bunkeranlaeg2-1536x1152.jpg 1536w, https:\/\/xn--jegkrertur-3cb.dk\/wp-content\/uploads\/2022\/10\/Olleruo-bunkeranlaeg2-2048x1536.jpg 2048w\" sizes=\"auto, (max-width: 767px) 89vw, (max-width: 1000px) 54vw, (max-width: 1071px) 543px, 580px\" \/><\/figure>\n\n\n\n<p>Her er et billede med lidt info.<\/p>\n\n\n\n<figure class=\"wp-block-image size-large\"><img loading=\"lazy\" decoding=\"async\" width=\"1024\" height=\"768\" src=\"https:\/\/xn--jegkrertur-3cb.dk\/wp-content\/uploads\/2022\/10\/Olleruo-bunkeranlaeg-1024x768.jpg\" alt=\"\" class=\"wp-image-218\" srcset=\"https:\/\/xn--jegkrertur-3cb.dk\/wp-content\/uploads\/2022\/10\/Olleruo-bunkeranlaeg-1024x768.jpg 1024w, https:\/\/xn--jegkrertur-3cb.dk\/wp-content\/uploads\/2022\/10\/Olleruo-bunkeranlaeg-300x225.jpg 300w, https:\/\/xn--jegkrertur-3cb.dk\/wp-content\/uploads\/2022\/10\/Olleruo-bunkeranlaeg-768x576.jpg 768w, https:\/\/xn--jegkrertur-3cb.dk\/wp-content\/uploads\/2022\/10\/Olleruo-bunkeranlaeg-1536x1152.jpg 1536w, https:\/\/xn--jegkrertur-3cb.dk\/wp-content\/uploads\/2022\/10\/Olleruo-bunkeranlaeg-2048x1536.jpg 2048w\" sizes=\"auto, (max-width: 767px) 89vw, (max-width: 1000px) 54vw, (max-width: 1071px) 543px, 580px\" \/><\/figure>\n\n\n\n<p>Hvis man fra P-pladsen kigger over p\u00e5 modsatte side af vejen finder man Den Japanske Have ved Ollerup Gymnastik H\u00f8jskole<\/p>\n\n\n\n<figure class=\"wp-block-image size-large\"><img loading=\"lazy\" decoding=\"async\" width=\"1024\" height=\"768\" src=\"https:\/\/xn--jegkrertur-3cb.dk\/wp-content\/uploads\/2022\/10\/Japanske-have2-1024x768.jpg\" alt=\"\" class=\"wp-image-219\" srcset=\"https:\/\/xn--jegkrertur-3cb.dk\/wp-content\/uploads\/2022\/10\/Japanske-have2-1024x768.jpg 1024w, https:\/\/xn--jegkrertur-3cb.dk\/wp-content\/uploads\/2022\/10\/Japanske-have2-300x225.jpg 300w, https:\/\/xn--jegkrertur-3cb.dk\/wp-content\/uploads\/2022\/10\/Japanske-have2-768x576.jpg 768w, https:\/\/xn--jegkrertur-3cb.dk\/wp-content\/uploads\/2022\/10\/Japanske-have2-1536x1152.jpg 1536w, https:\/\/xn--jegkrertur-3cb.dk\/wp-content\/uploads\/2022\/10\/Japanske-have2-2048x1536.jpg 2048w\" sizes=\"auto, (max-width: 767px) 89vw, (max-width: 1000px) 54vw, (max-width: 1071px) 543px, 580px\" \/><\/figure>\n\n\n\n<p>Absolut ogs\u00e5 et sted man skal bes\u00f8ge men husk lige nedenst\u00e5ende.<\/p>\n\n\n\n<figure class=\"wp-block-image size-large\"><img loading=\"lazy\" decoding=\"async\" width=\"1024\" height=\"768\" src=\"https:\/\/xn--jegkrertur-3cb.dk\/wp-content\/uploads\/2022\/10\/Japanske-have-1024x768.jpg\" alt=\"\" class=\"wp-image-220\" srcset=\"https:\/\/xn--jegkrertur-3cb.dk\/wp-content\/uploads\/2022\/10\/Japanske-have-1024x768.jpg 1024w, https:\/\/xn--jegkrertur-3cb.dk\/wp-content\/uploads\/2022\/10\/Japanske-have-300x225.jpg 300w, https:\/\/xn--jegkrertur-3cb.dk\/wp-content\/uploads\/2022\/10\/Japanske-have-768x576.jpg 768w, https:\/\/xn--jegkrertur-3cb.dk\/wp-content\/uploads\/2022\/10\/Japanske-have-1536x1152.jpg 1536w, https:\/\/xn--jegkrertur-3cb.dk\/wp-content\/uploads\/2022\/10\/Japanske-have-2048x1536.jpg 2048w\" sizes=\"auto, (max-width: 767px) 89vw, (max-width: 1000px) 54vw, (max-width: 1071px) 543px, 580px\" \/><\/figure>\n","protected":false},"excerpt":{"rendered":"<p>Endnu en weekend dette er lig med en k\u00f8retur dagens m\u00e5l er Ollerup Bunkeren l\u00e6s mere om den her i baggrunden ses nedgang til bunkeren det er muligt at g\u00e5 ned i som det ogs\u00e5 kan ses s\u00e5 er der mulighed for at sidde om spise ved de opsatte borde og b\u00e6nke. Her er et &hellip; <\/p>\n<p class=\"link-more\"><a href=\"https:\/\/xn--jegkrertur-3cb.dk\/index.php\/ollerup-bunkeren\/\" class=\"more-link\">L\u00e6s videre<span class=\"screen-reader-text\"> &#8220;Ollerup Bunkeren&#8221;<\/span><\/a><\/p>\n","protected":false},"author":3,"featured_media":0,"parent":0,"menu_order":0,"comment_status":"closed","ping_status":"closed","template":"","meta":{"footnotes":""},"class_list":["post-216","page","type-page","status-publish","hentry"],"_links":{"self":[{"href":"https:\/\/xn--jegkrertur-3cb.dk\/index.php\/wp-json\/wp\/v2\/pages\/216","targetHints":{"allow":["GET"]}}],"collection":[{"href":"https:\/\/xn--jegkrertur-3cb.dk\/index.php\/wp-json\/wp\/v2\/pages"}],"about":[{"href":"https:\/\/xn--jegkrertur-3cb.dk\/index.php\/wp-json\/wp\/v2\/types\/page"}],"author":[{"embeddable":true,"href":"https:\/\/xn--jegkrertur-3cb.dk\/index.php\/wp-json\/wp\/v2\/users\/3"}],"replies":[{"embeddable":true,"href":"https:\/\/xn--jegkrertur-3cb.dk\/index.php\/wp-json\/wp\/v2\/comments?post=216"}],"version-history":[{"count":1,"href":"https:\/\/xn--jegkrertur-3cb.dk\/index.php\/wp-json\/wp\/v2\/pages\/216\/revisions"}],"predecessor-version":[{"id":221,"href":"https:\/\/xn--jegkrertur-3cb.dk\/index.php\/wp-json\/wp\/v2\/pages\/216\/revisions\/221"}],"wp:attachment":[{"href":"https:\/\/xn--jegkrertur-3cb.dk\/index.php\/wp-json\/wp\/v2\/media?parent=216"}],"curies":[{"name":"wp","href":"https:\/\/api.w.org\/{rel}","templated":true}]}}