{"id":202,"date":"2022-10-29T09:55:57","date_gmt":"2022-10-29T09:55:57","guid":{"rendered":"https:\/\/xn--jegkrertur-3cb.dk\/?page_id=202"},"modified":"2022-10-29T10:07:35","modified_gmt":"2022-10-29T10:07:35","slug":"befrielsessten-i-koelstrup","status":"publish","type":"page","link":"https:\/\/xn--jegkrertur-3cb.dk\/index.php\/befrielsessten-i-koelstrup\/","title":{"rendered":"Befrielsessten i K\u00f8lstrup"},"content":{"rendered":"\n<p>Sol sommerferie selvf\u00f8lgelig skal man s\u00e5 p\u00e5 tur i veteranbilen denne gang blev valget at k\u00f8re efter befrielsessten i K\u00f8lstrup et sted jeg aldrig f\u00f8r har v\u00e6ret s\u00e5 i gang med google og s\u00e5 afsted. Turen gik igennem Langeskov hvor der blev k\u00f8bt en sandwich og sodavand til turen. <\/p>\n\n\n\n<p>Ser mere om befrielsessten i K\u00f8lstrup <a href=\"http:\/\/ambirk.eu\/befrielsesstene\/koelstrup.htm\" data-type=\"URL\" data-id=\"http:\/\/ambirk.eu\/befrielsesstene\/koelstrup.htm\">her<\/a><\/p>\n\n\n\n<p>Her er holdepladsen som er t\u00e6tteste p\u00e5 befrielsessten denne har b\u00e6nke og borde s\u00e5 her blev de indk\u00f8bte sandwich nydt mens man kunne nyde den gode udsigt ud over Kertinge Nor.<\/p>\n\n\n\n<figure class=\"wp-block-gallery has-nested-images columns-default is-cropped wp-block-gallery-1 is-layout-flex wp-block-gallery-is-layout-flex\">\n<figure class=\"wp-block-image size-large\"><img loading=\"lazy\" decoding=\"async\" width=\"1024\" height=\"768\" data-id=\"205\" src=\"https:\/\/xn--jegkrertur-3cb.dk\/wp-content\/uploads\/2022\/10\/Befrielsessten-i-Koelstrup-1024x768.jpg\" alt=\"\" class=\"wp-image-205\" srcset=\"https:\/\/xn--jegkrertur-3cb.dk\/wp-content\/uploads\/2022\/10\/Befrielsessten-i-Koelstrup-1024x768.jpg 1024w, https:\/\/xn--jegkrertur-3cb.dk\/wp-content\/uploads\/2022\/10\/Befrielsessten-i-Koelstrup-300x225.jpg 300w, https:\/\/xn--jegkrertur-3cb.dk\/wp-content\/uploads\/2022\/10\/Befrielsessten-i-Koelstrup-768x576.jpg 768w, https:\/\/xn--jegkrertur-3cb.dk\/wp-content\/uploads\/2022\/10\/Befrielsessten-i-Koelstrup-1536x1152.jpg 1536w, https:\/\/xn--jegkrertur-3cb.dk\/wp-content\/uploads\/2022\/10\/Befrielsessten-i-Koelstrup-2048x1536.jpg 2048w\" sizes=\"auto, (max-width: 767px) 89vw, (max-width: 1000px) 54vw, (max-width: 1071px) 543px, 580px\" \/><\/figure>\n<\/figure>\n\n\n\n<p>Derefter gik turen til Kerteminde og efter en rundtur i byen er her er s\u00e5 lige et par billeder fra hjemturen taget p\u00e5 en holdeplads lige efter man har k\u00f8rt forbi Lundsg\u00e5rd gods.<\/p>\n\n\n\n<figure class=\"wp-block-image size-large\"><img loading=\"lazy\" decoding=\"async\" width=\"1024\" height=\"768\" src=\"https:\/\/xn--jegkrertur-3cb.dk\/wp-content\/uploads\/2022\/10\/Ved-Kerteminde-2-1024x768.jpg\" alt=\"\" class=\"wp-image-204\" srcset=\"https:\/\/xn--jegkrertur-3cb.dk\/wp-content\/uploads\/2022\/10\/Ved-Kerteminde-2-1024x768.jpg 1024w, https:\/\/xn--jegkrertur-3cb.dk\/wp-content\/uploads\/2022\/10\/Ved-Kerteminde-2-300x225.jpg 300w, https:\/\/xn--jegkrertur-3cb.dk\/wp-content\/uploads\/2022\/10\/Ved-Kerteminde-2-768x576.jpg 768w, https:\/\/xn--jegkrertur-3cb.dk\/wp-content\/uploads\/2022\/10\/Ved-Kerteminde-2-1536x1152.jpg 1536w, https:\/\/xn--jegkrertur-3cb.dk\/wp-content\/uploads\/2022\/10\/Ved-Kerteminde-2-2048x1536.jpg 2048w\" sizes=\"auto, (max-width: 767px) 89vw, (max-width: 1000px) 54vw, (max-width: 1071px) 543px, 580px\" \/><\/figure>\n\n\n\n<p>P\u00e5 billedet under kan man hvis man kigger godt efter se Storeb\u00e6lts broen i baggrunden og ja man skal kigge godt efter.<\/p>\n\n\n\n<figure class=\"wp-block-image size-large\"><img decoding=\"async\" src=\"https:\/\/xn--jegkrertur-3cb.dk\/wp-content\/uploads\/2022\/10\/Ved-Kerteminde-1024x469.jpg\" alt=\"\" class=\"wp-image-203\"\/><\/figure>\n\n\n\n<figure class=\"wp-block-image size-large\"><img loading=\"lazy\" decoding=\"async\" width=\"1024\" height=\"850\" src=\"https:\/\/xn--jegkrertur-3cb.dk\/wp-content\/uploads\/2022\/10\/Ved-Kerteminde-scaled-e1667037850544-1024x850.jpg\" alt=\"\" class=\"wp-image-203\" srcset=\"https:\/\/xn--jegkrertur-3cb.dk\/wp-content\/uploads\/2022\/10\/Ved-Kerteminde-scaled-e1667037850544-1024x850.jpg 1024w, https:\/\/xn--jegkrertur-3cb.dk\/wp-content\/uploads\/2022\/10\/Ved-Kerteminde-scaled-e1667037850544-300x249.jpg 300w, https:\/\/xn--jegkrertur-3cb.dk\/wp-content\/uploads\/2022\/10\/Ved-Kerteminde-scaled-e1667037850544-768x637.jpg 768w, https:\/\/xn--jegkrertur-3cb.dk\/wp-content\/uploads\/2022\/10\/Ved-Kerteminde-scaled-e1667037850544.jpg 1171w\" sizes=\"auto, (max-width: 767px) 89vw, (max-width: 1000px) 54vw, (max-width: 1071px) 543px, 580px\" \/><\/figure>\n","protected":false},"excerpt":{"rendered":"<p>Sol sommerferie selvf\u00f8lgelig skal man s\u00e5 p\u00e5 tur i veteranbilen denne gang blev valget at k\u00f8re efter befrielsessten i K\u00f8lstrup et sted jeg aldrig f\u00f8r har v\u00e6ret s\u00e5 i gang med google og s\u00e5 afsted. Turen gik igennem Langeskov hvor der blev k\u00f8bt en sandwich og sodavand til turen. Ser mere om befrielsessten i K\u00f8lstrup &hellip; <\/p>\n<p class=\"link-more\"><a href=\"https:\/\/xn--jegkrertur-3cb.dk\/index.php\/befrielsessten-i-koelstrup\/\" class=\"more-link\">L\u00e6s videre<span class=\"screen-reader-text\"> &#8220;Befrielsessten i K\u00f8lstrup&#8221;<\/span><\/a><\/p>\n","protected":false},"author":3,"featured_media":0,"parent":0,"menu_order":0,"comment_status":"closed","ping_status":"closed","template":"","meta":{"footnotes":""},"class_list":["post-202","page","type-page","status-publish","hentry"],"_links":{"self":[{"href":"https:\/\/xn--jegkrertur-3cb.dk\/index.php\/wp-json\/wp\/v2\/pages\/202","targetHints":{"allow":["GET"]}}],"collection":[{"href":"https:\/\/xn--jegkrertur-3cb.dk\/index.php\/wp-json\/wp\/v2\/pages"}],"about":[{"href":"https:\/\/xn--jegkrertur-3cb.dk\/index.php\/wp-json\/wp\/v2\/types\/page"}],"author":[{"embeddable":true,"href":"https:\/\/xn--jegkrertur-3cb.dk\/index.php\/wp-json\/wp\/v2\/users\/3"}],"replies":[{"embeddable":true,"href":"https:\/\/xn--jegkrertur-3cb.dk\/index.php\/wp-json\/wp\/v2\/comments?post=202"}],"version-history":[{"count":3,"href":"https:\/\/xn--jegkrertur-3cb.dk\/index.php\/wp-json\/wp\/v2\/pages\/202\/revisions"}],"predecessor-version":[{"id":209,"href":"https:\/\/xn--jegkrertur-3cb.dk\/index.php\/wp-json\/wp\/v2\/pages\/202\/revisions\/209"}],"wp:attachment":[{"href":"https:\/\/xn--jegkrertur-3cb.dk\/index.php\/wp-json\/wp\/v2\/media?parent=202"}],"curies":[{"name":"wp","href":"https:\/\/api.w.org\/{rel}","templated":true}]}}