{"id":196,"date":"2022-10-29T09:18:02","date_gmt":"2022-10-29T09:18:02","guid":{"rendered":"https:\/\/xn--jegkrertur-3cb.dk\/?page_id=196"},"modified":"2022-10-29T09:20:23","modified_gmt":"2022-10-29T09:20:23","slug":"ringe-soe","status":"publish","type":"page","link":"https:\/\/xn--jegkrertur-3cb.dk\/index.php\/ringe-soe\/","title":{"rendered":"Ringe s\u00f8"},"content":{"rendered":"\n<p>S\u00e5 blev det Ringe s\u00f8 der fik bes\u00f8g af tr4aen her er der mulighed for at parkere som p\u00e5 billedet for derefter at g\u00e5 en tur rundt om s\u00f8en og meget passende for i denne sommer gik man lige forbi et sted hvor man kunne k\u00f8be en is som man s\u00e5 kunne nyde p\u00e5 rundturen rundt om s\u00f8en.<\/p>\n\n\n\n<p>Ser mere om Ringe s\u00f8 <a href=\"https:\/\/www.visitfaaborg.dk\/faaborg\/planlaeg-din-tur\/ringe-soe-gdk613922\" data-type=\"URL\" data-id=\"https:\/\/www.visitfaaborg.dk\/faaborg\/planlaeg-din-tur\/ringe-soe-gdk613922\">her<\/a><\/p>\n\n\n\n<figure class=\"wp-block-image size-large\"><img loading=\"lazy\" decoding=\"async\" width=\"1024\" height=\"768\" src=\"https:\/\/xn--jegkrertur-3cb.dk\/wp-content\/uploads\/2022\/10\/Ringe-soe-1024x768.jpg\" alt=\"\" class=\"wp-image-197\" srcset=\"https:\/\/xn--jegkrertur-3cb.dk\/wp-content\/uploads\/2022\/10\/Ringe-soe-1024x768.jpg 1024w, https:\/\/xn--jegkrertur-3cb.dk\/wp-content\/uploads\/2022\/10\/Ringe-soe-300x225.jpg 300w, https:\/\/xn--jegkrertur-3cb.dk\/wp-content\/uploads\/2022\/10\/Ringe-soe-768x576.jpg 768w, https:\/\/xn--jegkrertur-3cb.dk\/wp-content\/uploads\/2022\/10\/Ringe-soe-1536x1152.jpg 1536w, https:\/\/xn--jegkrertur-3cb.dk\/wp-content\/uploads\/2022\/10\/Ringe-soe-2048x1536.jpg 2048w\" sizes=\"auto, (max-width: 767px) 89vw, (max-width: 1000px) 54vw, (max-width: 1071px) 543px, 580px\" \/><\/figure>\n","protected":false},"excerpt":{"rendered":"<p>S\u00e5 blev det Ringe s\u00f8 der fik bes\u00f8g af tr4aen her er der mulighed for at parkere som p\u00e5 billedet for derefter at g\u00e5 en tur rundt om s\u00f8en og meget passende for i denne sommer gik man lige forbi et sted hvor man kunne k\u00f8be en is som man s\u00e5 kunne nyde p\u00e5 rundturen &hellip; <\/p>\n<p class=\"link-more\"><a href=\"https:\/\/xn--jegkrertur-3cb.dk\/index.php\/ringe-soe\/\" class=\"more-link\">L\u00e6s videre<span class=\"screen-reader-text\"> &#8220;Ringe s\u00f8&#8221;<\/span><\/a><\/p>\n","protected":false},"author":3,"featured_media":0,"parent":0,"menu_order":0,"comment_status":"closed","ping_status":"closed","template":"","meta":{"footnotes":""},"class_list":["post-196","page","type-page","status-publish","hentry"],"_links":{"self":[{"href":"https:\/\/xn--jegkrertur-3cb.dk\/index.php\/wp-json\/wp\/v2\/pages\/196","targetHints":{"allow":["GET"]}}],"collection":[{"href":"https:\/\/xn--jegkrertur-3cb.dk\/index.php\/wp-json\/wp\/v2\/pages"}],"about":[{"href":"https:\/\/xn--jegkrertur-3cb.dk\/index.php\/wp-json\/wp\/v2\/types\/page"}],"author":[{"embeddable":true,"href":"https:\/\/xn--jegkrertur-3cb.dk\/index.php\/wp-json\/wp\/v2\/users\/3"}],"replies":[{"embeddable":true,"href":"https:\/\/xn--jegkrertur-3cb.dk\/index.php\/wp-json\/wp\/v2\/comments?post=196"}],"version-history":[{"count":3,"href":"https:\/\/xn--jegkrertur-3cb.dk\/index.php\/wp-json\/wp\/v2\/pages\/196\/revisions"}],"predecessor-version":[{"id":201,"href":"https:\/\/xn--jegkrertur-3cb.dk\/index.php\/wp-json\/wp\/v2\/pages\/196\/revisions\/201"}],"wp:attachment":[{"href":"https:\/\/xn--jegkrertur-3cb.dk\/index.php\/wp-json\/wp\/v2\/media?parent=196"}],"curies":[{"name":"wp","href":"https:\/\/api.w.org\/{rel}","templated":true}]}}