{"id":190,"date":"2022-10-29T08:32:55","date_gmt":"2022-10-29T08:32:55","guid":{"rendered":"https:\/\/xn--jegkrertur-3cb.dk\/?page_id=190"},"modified":"2022-10-29T08:32:55","modified_gmt":"2022-10-29T08:32:55","slug":"stokkebaek-strand","status":"publish","type":"page","link":"https:\/\/xn--jegkrertur-3cb.dk\/index.php\/stokkebaek-strand\/","title":{"rendered":"Stokkeb\u00e6k strand"},"content":{"rendered":"\n<p>\u00c5rets sidste tur blev en aftentur ud til vanden dette forgik p\u00e5 en helt almindelig hverdag efter arbejde valget faldt p\u00e5 en tur til Stokkeb\u00e6k strand hvor der normalt er gode muligheder for at parkere for derefter at g\u00e5 en tur langs stranden.<\/p>\n\n\n\n<figure class=\"wp-block-image size-large\"><img loading=\"lazy\" decoding=\"async\" width=\"1024\" height=\"768\" src=\"https:\/\/xn--jegkrertur-3cb.dk\/wp-content\/uploads\/2022\/10\/Stokkebaek-strand-1024x768.jpg\" alt=\"\" class=\"wp-image-191\" srcset=\"https:\/\/xn--jegkrertur-3cb.dk\/wp-content\/uploads\/2022\/10\/Stokkebaek-strand-1024x768.jpg 1024w, https:\/\/xn--jegkrertur-3cb.dk\/wp-content\/uploads\/2022\/10\/Stokkebaek-strand-300x225.jpg 300w, https:\/\/xn--jegkrertur-3cb.dk\/wp-content\/uploads\/2022\/10\/Stokkebaek-strand-768x576.jpg 768w, https:\/\/xn--jegkrertur-3cb.dk\/wp-content\/uploads\/2022\/10\/Stokkebaek-strand-1536x1152.jpg 1536w, https:\/\/xn--jegkrertur-3cb.dk\/wp-content\/uploads\/2022\/10\/Stokkebaek-strand-2048x1536.jpg 2048w\" sizes=\"auto, (max-width: 767px) 89vw, (max-width: 1000px) 54vw, (max-width: 1071px) 543px, 580px\" \/><\/figure>\n","protected":false},"excerpt":{"rendered":"<p>\u00c5rets sidste tur blev en aftentur ud til vanden dette forgik p\u00e5 en helt almindelig hverdag efter arbejde valget faldt p\u00e5 en tur til Stokkeb\u00e6k strand hvor der normalt er gode muligheder for at parkere for derefter at g\u00e5 en tur langs stranden.<\/p>\n","protected":false},"author":3,"featured_media":0,"parent":0,"menu_order":0,"comment_status":"closed","ping_status":"closed","template":"","meta":{"footnotes":""},"class_list":["post-190","page","type-page","status-publish","hentry"],"_links":{"self":[{"href":"https:\/\/xn--jegkrertur-3cb.dk\/index.php\/wp-json\/wp\/v2\/pages\/190","targetHints":{"allow":["GET"]}}],"collection":[{"href":"https:\/\/xn--jegkrertur-3cb.dk\/index.php\/wp-json\/wp\/v2\/pages"}],"about":[{"href":"https:\/\/xn--jegkrertur-3cb.dk\/index.php\/wp-json\/wp\/v2\/types\/page"}],"author":[{"embeddable":true,"href":"https:\/\/xn--jegkrertur-3cb.dk\/index.php\/wp-json\/wp\/v2\/users\/3"}],"replies":[{"embeddable":true,"href":"https:\/\/xn--jegkrertur-3cb.dk\/index.php\/wp-json\/wp\/v2\/comments?post=190"}],"version-history":[{"count":1,"href":"https:\/\/xn--jegkrertur-3cb.dk\/index.php\/wp-json\/wp\/v2\/pages\/190\/revisions"}],"predecessor-version":[{"id":192,"href":"https:\/\/xn--jegkrertur-3cb.dk\/index.php\/wp-json\/wp\/v2\/pages\/190\/revisions\/192"}],"wp:attachment":[{"href":"https:\/\/xn--jegkrertur-3cb.dk\/index.php\/wp-json\/wp\/v2\/media?parent=190"}],"curies":[{"name":"wp","href":"https:\/\/api.w.org\/{rel}","templated":true}]}}