{"id":181,"date":"2022-10-29T08:06:20","date_gmt":"2022-10-29T08:06:20","guid":{"rendered":"https:\/\/xn--jegkrertur-3cb.dk\/?page_id=181"},"modified":"2022-10-29T08:09:12","modified_gmt":"2022-10-29T08:09:12","slug":"braendeskov-veteranbiltraef","status":"publish","type":"page","link":"https:\/\/xn--jegkrertur-3cb.dk\/index.php\/braendeskov-veteranbiltraef\/","title":{"rendered":"Br\u00e6ndeskov Veteranbiltr\u00e6f"},"content":{"rendered":"\n<p>S\u00e5 blev denne varme og solrige s\u00f8ndag brugt til endnu en k\u00f8retur denne gang gik turen til et lille lokalt veteranbiltr\u00e6f i Br\u00e6ndeskov dette er en kombi af kr\u00e6mmermarked og tr\u00e6f for biler.<\/p>\n\n\n\n<figure class=\"wp-block-image size-large\"><img loading=\"lazy\" decoding=\"async\" width=\"1024\" height=\"576\" src=\"https:\/\/xn--jegkrertur-3cb.dk\/wp-content\/uploads\/2022\/10\/Braendeskov-1-1024x576.jpg\" alt=\"\" class=\"wp-image-186\" srcset=\"https:\/\/xn--jegkrertur-3cb.dk\/wp-content\/uploads\/2022\/10\/Braendeskov-1-1024x576.jpg 1024w, https:\/\/xn--jegkrertur-3cb.dk\/wp-content\/uploads\/2022\/10\/Braendeskov-1-300x169.jpg 300w, https:\/\/xn--jegkrertur-3cb.dk\/wp-content\/uploads\/2022\/10\/Braendeskov-1-768x432.jpg 768w, https:\/\/xn--jegkrertur-3cb.dk\/wp-content\/uploads\/2022\/10\/Braendeskov-1-1536x864.jpg 1536w, https:\/\/xn--jegkrertur-3cb.dk\/wp-content\/uploads\/2022\/10\/Braendeskov-1-2048x1152.jpg 2048w\" sizes=\"auto, (max-width: 767px) 89vw, (max-width: 1000px) 54vw, (max-width: 1071px) 543px, 580px\" \/><\/figure>\n","protected":false},"excerpt":{"rendered":"<p>S\u00e5 blev denne varme og solrige s\u00f8ndag brugt til endnu en k\u00f8retur denne gang gik turen til et lille lokalt veteranbiltr\u00e6f i Br\u00e6ndeskov dette er en kombi af kr\u00e6mmermarked og tr\u00e6f for biler.<\/p>\n","protected":false},"author":3,"featured_media":0,"parent":0,"menu_order":0,"comment_status":"closed","ping_status":"closed","template":"","meta":{"footnotes":""},"class_list":["post-181","page","type-page","status-publish","hentry"],"_links":{"self":[{"href":"https:\/\/xn--jegkrertur-3cb.dk\/index.php\/wp-json\/wp\/v2\/pages\/181","targetHints":{"allow":["GET"]}}],"collection":[{"href":"https:\/\/xn--jegkrertur-3cb.dk\/index.php\/wp-json\/wp\/v2\/pages"}],"about":[{"href":"https:\/\/xn--jegkrertur-3cb.dk\/index.php\/wp-json\/wp\/v2\/types\/page"}],"author":[{"embeddable":true,"href":"https:\/\/xn--jegkrertur-3cb.dk\/index.php\/wp-json\/wp\/v2\/users\/3"}],"replies":[{"embeddable":true,"href":"https:\/\/xn--jegkrertur-3cb.dk\/index.php\/wp-json\/wp\/v2\/comments?post=181"}],"version-history":[{"count":3,"href":"https:\/\/xn--jegkrertur-3cb.dk\/index.php\/wp-json\/wp\/v2\/pages\/181\/revisions"}],"predecessor-version":[{"id":189,"href":"https:\/\/xn--jegkrertur-3cb.dk\/index.php\/wp-json\/wp\/v2\/pages\/181\/revisions\/189"}],"wp:attachment":[{"href":"https:\/\/xn--jegkrertur-3cb.dk\/index.php\/wp-json\/wp\/v2\/media?parent=181"}],"curies":[{"name":"wp","href":"https:\/\/api.w.org\/{rel}","templated":true}]}}