{"id":172,"date":"2022-07-14T17:14:51","date_gmt":"2022-07-14T17:14:51","guid":{"rendered":"https:\/\/xn--jegkrertur-3cb.dk\/?page_id=172"},"modified":"2022-07-14T17:14:51","modified_gmt":"2022-07-14T17:14:51","slug":"dyreborg-havn","status":"publish","type":"page","link":"https:\/\/xn--jegkrertur-3cb.dk\/index.php\/dyreborg-havn\/","title":{"rendered":"Dyreborg havn"},"content":{"rendered":"\n<p>Et hyggeligt sted som jeg ofte bes\u00f8ger tager gerne en sandwich med som jeg s\u00e5 spiser siddende p\u00e5 en af de bord\/b\u00e6nks\u00e6t som er opstillet i omr\u00e5det. Denne dejlige dag spise jeg p\u00e5 den b\u00e6nk som ses cirka midt i billedet yderst ude p\u00e5 havnen.<\/p>\n\n\n\n<p>Mere om havnen kig <a href=\"https:\/\/www.havneguide.dk\/havn\/dyreborg-havn\" data-type=\"URL\" data-id=\"https:\/\/www.havneguide.dk\/havn\/dyreborg-havn\">her<\/a><\/p>\n\n\n\n<figure class=\"wp-block-image size-large\"><img loading=\"lazy\" decoding=\"async\" width=\"1024\" height=\"768\" src=\"https:\/\/xn--jegkrertur-3cb.dk\/wp-content\/uploads\/2022\/07\/Dyreborg-havn-1024x768.jpg\" alt=\"\" class=\"wp-image-173\" srcset=\"https:\/\/xn--jegkrertur-3cb.dk\/wp-content\/uploads\/2022\/07\/Dyreborg-havn-1024x768.jpg 1024w, https:\/\/xn--jegkrertur-3cb.dk\/wp-content\/uploads\/2022\/07\/Dyreborg-havn-300x225.jpg 300w, https:\/\/xn--jegkrertur-3cb.dk\/wp-content\/uploads\/2022\/07\/Dyreborg-havn-768x576.jpg 768w, https:\/\/xn--jegkrertur-3cb.dk\/wp-content\/uploads\/2022\/07\/Dyreborg-havn-1536x1152.jpg 1536w, https:\/\/xn--jegkrertur-3cb.dk\/wp-content\/uploads\/2022\/07\/Dyreborg-havn-2048x1536.jpg 2048w\" sizes=\"auto, (max-width: 767px) 89vw, (max-width: 1000px) 54vw, (max-width: 1071px) 543px, 580px\" \/><\/figure>\n","protected":false},"excerpt":{"rendered":"<p>Et hyggeligt sted som jeg ofte bes\u00f8ger tager gerne en sandwich med som jeg s\u00e5 spiser siddende p\u00e5 en af de bord\/b\u00e6nks\u00e6t som er opstillet i omr\u00e5det. Denne dejlige dag spise jeg p\u00e5 den b\u00e6nk som ses cirka midt i billedet yderst ude p\u00e5 havnen. Mere om havnen kig her<\/p>\n","protected":false},"author":3,"featured_media":0,"parent":0,"menu_order":0,"comment_status":"closed","ping_status":"closed","template":"","meta":{"footnotes":""},"class_list":["post-172","page","type-page","status-publish","hentry"],"_links":{"self":[{"href":"https:\/\/xn--jegkrertur-3cb.dk\/index.php\/wp-json\/wp\/v2\/pages\/172","targetHints":{"allow":["GET"]}}],"collection":[{"href":"https:\/\/xn--jegkrertur-3cb.dk\/index.php\/wp-json\/wp\/v2\/pages"}],"about":[{"href":"https:\/\/xn--jegkrertur-3cb.dk\/index.php\/wp-json\/wp\/v2\/types\/page"}],"author":[{"embeddable":true,"href":"https:\/\/xn--jegkrertur-3cb.dk\/index.php\/wp-json\/wp\/v2\/users\/3"}],"replies":[{"embeddable":true,"href":"https:\/\/xn--jegkrertur-3cb.dk\/index.php\/wp-json\/wp\/v2\/comments?post=172"}],"version-history":[{"count":1,"href":"https:\/\/xn--jegkrertur-3cb.dk\/index.php\/wp-json\/wp\/v2\/pages\/172\/revisions"}],"predecessor-version":[{"id":174,"href":"https:\/\/xn--jegkrertur-3cb.dk\/index.php\/wp-json\/wp\/v2\/pages\/172\/revisions\/174"}],"wp:attachment":[{"href":"https:\/\/xn--jegkrertur-3cb.dk\/index.php\/wp-json\/wp\/v2\/media?parent=172"}],"curies":[{"name":"wp","href":"https:\/\/api.w.org\/{rel}","templated":true}]}}