{"id":165,"date":"2022-07-14T16:59:31","date_gmt":"2022-07-14T16:59:31","guid":{"rendered":"https:\/\/xn--jegkrertur-3cb.dk\/?page_id=165"},"modified":"2022-10-29T10:28:06","modified_gmt":"2022-10-29T10:28:06","slug":"faaborg-havn","status":"publish","type":"page","link":"https:\/\/xn--jegkrertur-3cb.dk\/index.php\/faaborg-havn\/","title":{"rendered":"Faaborg havn"},"content":{"rendered":"\n<p>S\u00e5 gik turen til Faaborg Havn dog ikke p\u00e5 en onsdag hvor de har veterantr\u00e6f p\u00e5 havnen l\u00e6s mere om det <a href=\"https:\/\/www.facebook.com\/groups\/Faaborgveterantraef\/\" data-type=\"URL\" data-id=\"https:\/\/www.facebook.com\/groups\/Faaborgveterantraef\/\">her<\/a> men p\u00e5 en ganske almindelig l\u00f8rdag hvor det bare blev til en g\u00e5 tur rundt p\u00e5 havnen. P\u00e5 havnen er der gode muligheder for at spise og k\u00f8be en is se mere <a href=\"https:\/\/www.facebook.com\/FaaborgRoegeriCafe\/\" data-type=\"URL\" data-id=\"https:\/\/www.facebook.com\/FaaborgRoegeriCafe\/\">her<\/a> og <a href=\"https:\/\/www.visitfaaborg.dk\/danmark\/fyn\/faaborg\/bo-og-spise\/spisesteder-faaborg\" data-type=\"URL\" data-id=\"https:\/\/www.visitfaaborg.dk\/danmark\/fyn\/faaborg\/bo-og-spise\/spisesteder-faaborg\">her<\/a> mere om havnen <a href=\"https:\/\/faaborghavn.fmk.dk\/\" data-type=\"URL\" data-id=\"https:\/\/faaborghavn.fmk.dk\/\">her<\/a><\/p>\n\n\n\n<figure class=\"wp-block-image size-large\"><img loading=\"lazy\" decoding=\"async\" width=\"1024\" height=\"943\" src=\"https:\/\/xn--jegkrertur-3cb.dk\/wp-content\/uploads\/2022\/07\/Faaborg-havn-scaled-e1657817891252-1024x943.jpg\" alt=\"\" class=\"wp-image-167\" srcset=\"https:\/\/xn--jegkrertur-3cb.dk\/wp-content\/uploads\/2022\/07\/Faaborg-havn-scaled-e1657817891252-1024x943.jpg 1024w, https:\/\/xn--jegkrertur-3cb.dk\/wp-content\/uploads\/2022\/07\/Faaborg-havn-scaled-e1657817891252-300x276.jpg 300w, https:\/\/xn--jegkrertur-3cb.dk\/wp-content\/uploads\/2022\/07\/Faaborg-havn-scaled-e1657817891252-768x708.jpg 768w, https:\/\/xn--jegkrertur-3cb.dk\/wp-content\/uploads\/2022\/07\/Faaborg-havn-scaled-e1657817891252-1536x1415.jpg 1536w, https:\/\/xn--jegkrertur-3cb.dk\/wp-content\/uploads\/2022\/07\/Faaborg-havn-scaled-e1657817891252.jpg 1625w\" sizes=\"auto, (max-width: 767px) 89vw, (max-width: 1000px) 54vw, (max-width: 1071px) 543px, 580px\" \/><\/figure>\n\n\n\n<p>P\u00e5 hjemturen som gik forbi Brahetrolleborg Slot blev jeg p\u00e5 deres P-plads m\u00f8dt af dette som kan ses p\u00e5 billedet under s\u00e5 det var bare med at f\u00e5 vendt og retur ind p\u00e5 P-pladsen igen for at g\u00e5 en rundtur og kigge p\u00e5 alle de flotte Austin Healey biler.<\/p>\n\n\n\n<figure class=\"wp-block-image size-large\"><img loading=\"lazy\" decoding=\"async\" width=\"1024\" height=\"768\" src=\"https:\/\/xn--jegkrertur-3cb.dk\/wp-content\/uploads\/2022\/10\/Austin-Healey-1024x768.jpg\" alt=\"\" class=\"wp-image-214\" srcset=\"https:\/\/xn--jegkrertur-3cb.dk\/wp-content\/uploads\/2022\/10\/Austin-Healey-1024x768.jpg 1024w, https:\/\/xn--jegkrertur-3cb.dk\/wp-content\/uploads\/2022\/10\/Austin-Healey-300x225.jpg 300w, https:\/\/xn--jegkrertur-3cb.dk\/wp-content\/uploads\/2022\/10\/Austin-Healey-768x576.jpg 768w, https:\/\/xn--jegkrertur-3cb.dk\/wp-content\/uploads\/2022\/10\/Austin-Healey-1536x1152.jpg 1536w, https:\/\/xn--jegkrertur-3cb.dk\/wp-content\/uploads\/2022\/10\/Austin-Healey-2048x1536.jpg 2048w\" sizes=\"auto, (max-width: 767px) 89vw, (max-width: 1000px) 54vw, (max-width: 1071px) 543px, 580px\" \/><\/figure>\n","protected":false},"excerpt":{"rendered":"<p>S\u00e5 gik turen til Faaborg Havn dog ikke p\u00e5 en onsdag hvor de har veterantr\u00e6f p\u00e5 havnen l\u00e6s mere om det her men p\u00e5 en ganske almindelig l\u00f8rdag hvor det bare blev til en g\u00e5 tur rundt p\u00e5 havnen. P\u00e5 havnen er der gode muligheder for at spise og k\u00f8be en is se mere her &hellip; <\/p>\n<p class=\"link-more\"><a href=\"https:\/\/xn--jegkrertur-3cb.dk\/index.php\/faaborg-havn\/\" class=\"more-link\">L\u00e6s videre<span class=\"screen-reader-text\"> &#8220;Faaborg havn&#8221;<\/span><\/a><\/p>\n","protected":false},"author":3,"featured_media":0,"parent":0,"menu_order":0,"comment_status":"closed","ping_status":"closed","template":"","meta":{"footnotes":""},"class_list":["post-165","page","type-page","status-publish","hentry"],"_links":{"self":[{"href":"https:\/\/xn--jegkrertur-3cb.dk\/index.php\/wp-json\/wp\/v2\/pages\/165","targetHints":{"allow":["GET"]}}],"collection":[{"href":"https:\/\/xn--jegkrertur-3cb.dk\/index.php\/wp-json\/wp\/v2\/pages"}],"about":[{"href":"https:\/\/xn--jegkrertur-3cb.dk\/index.php\/wp-json\/wp\/v2\/types\/page"}],"author":[{"embeddable":true,"href":"https:\/\/xn--jegkrertur-3cb.dk\/index.php\/wp-json\/wp\/v2\/users\/3"}],"replies":[{"embeddable":true,"href":"https:\/\/xn--jegkrertur-3cb.dk\/index.php\/wp-json\/wp\/v2\/comments?post=165"}],"version-history":[{"count":6,"href":"https:\/\/xn--jegkrertur-3cb.dk\/index.php\/wp-json\/wp\/v2\/pages\/165\/revisions"}],"predecessor-version":[{"id":215,"href":"https:\/\/xn--jegkrertur-3cb.dk\/index.php\/wp-json\/wp\/v2\/pages\/165\/revisions\/215"}],"wp:attachment":[{"href":"https:\/\/xn--jegkrertur-3cb.dk\/index.php\/wp-json\/wp\/v2\/media?parent=165"}],"curies":[{"name":"wp","href":"https:\/\/api.w.org\/{rel}","templated":true}]}}