{"id":150,"date":"2022-07-04T17:27:54","date_gmt":"2022-07-04T17:27:54","guid":{"rendered":"https:\/\/xn--jegkrertur-3cb.dk\/?page_id=150"},"modified":"2022-07-04T17:51:39","modified_gmt":"2022-07-04T17:51:39","slug":"klintholm-strand","status":"publish","type":"page","link":"https:\/\/xn--jegkrertur-3cb.dk\/index.php\/klintholm-strand\/","title":{"rendered":"Klintholm strand"},"content":{"rendered":"\n<p>S\u00e5 gik turen til Klintholm strand Hesselager et dejligt sted at bes\u00f8ge hvis man vil sidde og slappe af og nyde udsigten ud over vandet. Tryk <a href=\"https:\/\/www.google.com\/maps\/dir\/\/Klintholm+Strand+33,+5874+Hesselager+Klintholm+Strand+33,+5874+Hesselager\/@55.1871947,10.8056022,277m\/data=!3m1!1e3!4m8!4m7!1m0!1m5!1m1!1s0x464d37f82eca16e3:0xc890f8a2f7c23fef!2m2!1d10.8062937!2d55.1876381\" data-type=\"URL\" data-id=\"https:\/\/www.google.com\/maps\/dir\/\/Klintholm+Strand+33,+5874+Hesselager+Klintholm+Strand+33,+5874+Hesselager\/@55.1871947,10.8056022,277m\/data=!3m1!1e3!4m8!4m7!1m0!1m5!1m1!1s0x464d37f82eca16e3:0xc890f8a2f7c23fef!2m2!1d10.8062937!2d55.1876381\" target=\"_blank\" rel=\"noreferrer noopener\">her<\/a> s\u00e5 kan man se stedet p\u00e5 kortet. <\/p>\n\n\n\n<figure class=\"wp-block-image size-large\"><img loading=\"lazy\" decoding=\"async\" width=\"1024\" height=\"805\" src=\"https:\/\/xn--jegkrertur-3cb.dk\/wp-content\/uploads\/2022\/07\/Klintholm-strand-scaled-e1656955520408-1024x805.jpg\" alt=\"\" class=\"wp-image-151\" srcset=\"https:\/\/xn--jegkrertur-3cb.dk\/wp-content\/uploads\/2022\/07\/Klintholm-strand-scaled-e1656955520408-1024x805.jpg 1024w, https:\/\/xn--jegkrertur-3cb.dk\/wp-content\/uploads\/2022\/07\/Klintholm-strand-scaled-e1656955520408-300x236.jpg 300w, https:\/\/xn--jegkrertur-3cb.dk\/wp-content\/uploads\/2022\/07\/Klintholm-strand-scaled-e1656955520408-768x604.jpg 768w, https:\/\/xn--jegkrertur-3cb.dk\/wp-content\/uploads\/2022\/07\/Klintholm-strand-scaled-e1656955520408-1536x1208.jpg 1536w, https:\/\/xn--jegkrertur-3cb.dk\/wp-content\/uploads\/2022\/07\/Klintholm-strand-scaled-e1656955520408-2048x1610.jpg 2048w\" sizes=\"auto, (max-width: 767px) 89vw, (max-width: 1000px) 54vw, (max-width: 1071px) 543px, 580px\" \/><\/figure>\n","protected":false},"excerpt":{"rendered":"<p>S\u00e5 gik turen til Klintholm strand Hesselager et dejligt sted at bes\u00f8ge hvis man vil sidde og slappe af og nyde udsigten ud over vandet. Tryk her s\u00e5 kan man se stedet p\u00e5 kortet.<\/p>\n","protected":false},"author":3,"featured_media":0,"parent":0,"menu_order":0,"comment_status":"closed","ping_status":"closed","template":"","meta":{"footnotes":""},"class_list":["post-150","page","type-page","status-publish","hentry"],"_links":{"self":[{"href":"https:\/\/xn--jegkrertur-3cb.dk\/index.php\/wp-json\/wp\/v2\/pages\/150","targetHints":{"allow":["GET"]}}],"collection":[{"href":"https:\/\/xn--jegkrertur-3cb.dk\/index.php\/wp-json\/wp\/v2\/pages"}],"about":[{"href":"https:\/\/xn--jegkrertur-3cb.dk\/index.php\/wp-json\/wp\/v2\/types\/page"}],"author":[{"embeddable":true,"href":"https:\/\/xn--jegkrertur-3cb.dk\/index.php\/wp-json\/wp\/v2\/users\/3"}],"replies":[{"embeddable":true,"href":"https:\/\/xn--jegkrertur-3cb.dk\/index.php\/wp-json\/wp\/v2\/comments?post=150"}],"version-history":[{"count":4,"href":"https:\/\/xn--jegkrertur-3cb.dk\/index.php\/wp-json\/wp\/v2\/pages\/150\/revisions"}],"predecessor-version":[{"id":160,"href":"https:\/\/xn--jegkrertur-3cb.dk\/index.php\/wp-json\/wp\/v2\/pages\/150\/revisions\/160"}],"wp:attachment":[{"href":"https:\/\/xn--jegkrertur-3cb.dk\/index.php\/wp-json\/wp\/v2\/media?parent=150"}],"curies":[{"name":"wp","href":"https:\/\/api.w.org\/{rel}","templated":true}]}}