{"id":142,"date":"2022-07-04T16:54:35","date_gmt":"2022-07-04T16:54:35","guid":{"rendered":"https:\/\/xn--jegkrertur-3cb.dk\/?page_id=142"},"modified":"2022-07-04T18:00:19","modified_gmt":"2022-07-04T18:00:19","slug":"damestenen","status":"publish","type":"page","link":"https:\/\/xn--jegkrertur-3cb.dk\/index.php\/damestenen\/","title":{"rendered":"Damestenen"},"content":{"rendered":"\n<p>S\u00f8ndagsturen i det gode vejr i denne uge gik til damestenen se mere om denne <a href=\"https:\/\/www.svendborg.dk\/borger\/natur-vand-og-kyst\/ud-i-naturen\/udflugtsmaal\/damestenen\" data-type=\"URL\" data-id=\"https:\/\/www.svendborg.dk\/borger\/natur-vand-og-kyst\/ud-i-naturen\/udflugtsmaal\/damestenen\">her<\/a> eller <a href=\"https:\/\/www.geus.dk\/udforsk-geologien\/ture-i-naturen\/kaempesten\/dammestenen\" data-type=\"URL\" data-id=\"https:\/\/www.geus.dk\/udforsk-geologien\/ture-i-naturen\/kaempesten\/dammestenen\">her<\/a><\/p>\n\n\n\n<figure class=\"wp-block-image size-large\"><img loading=\"lazy\" decoding=\"async\" width=\"1024\" height=\"864\" src=\"https:\/\/xn--jegkrertur-3cb.dk\/wp-content\/uploads\/2022\/07\/Damestenen-scaled-e1656952885811-1024x864.jpg\" alt=\"\" class=\"wp-image-143\" srcset=\"https:\/\/xn--jegkrertur-3cb.dk\/wp-content\/uploads\/2022\/07\/Damestenen-scaled-e1656952885811-1024x864.jpg 1024w, https:\/\/xn--jegkrertur-3cb.dk\/wp-content\/uploads\/2022\/07\/Damestenen-scaled-e1656952885811-300x253.jpg 300w, https:\/\/xn--jegkrertur-3cb.dk\/wp-content\/uploads\/2022\/07\/Damestenen-scaled-e1656952885811-768x648.jpg 768w, https:\/\/xn--jegkrertur-3cb.dk\/wp-content\/uploads\/2022\/07\/Damestenen-scaled-e1656952885811-1536x1296.jpg 1536w, https:\/\/xn--jegkrertur-3cb.dk\/wp-content\/uploads\/2022\/07\/Damestenen-scaled-e1656952885811.jpg 1843w\" sizes=\"auto, (max-width: 767px) 89vw, (max-width: 1000px) 54vw, (max-width: 1071px) 543px, 580px\" \/><\/figure>\n\n\n\n<p>Toppen af damestenen kan ses p\u00e5 dette billedet hvis man kigger godt efter (lidt til venstre ved tr\u00e6et yderste til h\u00f8jre i billedet) Dette er taget fra parkeringspladsen s\u00e5 der er et lille stykke at g\u00e5 ned til stenen.<\/p>\n\n\n\n<figure class=\"wp-block-gallery has-nested-images columns-default is-cropped wp-block-gallery-1 is-layout-flex wp-block-gallery-is-layout-flex\">\n<figure class=\"wp-block-image size-large\"><img loading=\"lazy\" decoding=\"async\" width=\"1024\" height=\"768\" data-id=\"144\" src=\"https:\/\/xn--jegkrertur-3cb.dk\/wp-content\/uploads\/2022\/07\/Damestenen-1-1024x768.jpg\" alt=\"\" class=\"wp-image-144\" srcset=\"https:\/\/xn--jegkrertur-3cb.dk\/wp-content\/uploads\/2022\/07\/Damestenen-1-1024x768.jpg 1024w, https:\/\/xn--jegkrertur-3cb.dk\/wp-content\/uploads\/2022\/07\/Damestenen-1-300x225.jpg 300w, https:\/\/xn--jegkrertur-3cb.dk\/wp-content\/uploads\/2022\/07\/Damestenen-1-768x576.jpg 768w, https:\/\/xn--jegkrertur-3cb.dk\/wp-content\/uploads\/2022\/07\/Damestenen-1-1536x1152.jpg 1536w, https:\/\/xn--jegkrertur-3cb.dk\/wp-content\/uploads\/2022\/07\/Damestenen-1-2048x1536.jpg 2048w\" sizes=\"auto, (max-width: 767px) 89vw, (max-width: 1000px) 54vw, (max-width: 1071px) 543px, 580px\" \/><\/figure>\n\n\n\n<figure class=\"wp-block-image size-large\"><img loading=\"lazy\" decoding=\"async\" width=\"2560\" height=\"1920\" data-id=\"145\" src=\"https:\/\/xn--jegkrertur-3cb.dk\/wp-content\/uploads\/2022\/07\/Damestenen-2-scaled.jpg\" alt=\"\" class=\"wp-image-145\" srcset=\"https:\/\/xn--jegkrertur-3cb.dk\/wp-content\/uploads\/2022\/07\/Damestenen-2-scaled.jpg 2560w, https:\/\/xn--jegkrertur-3cb.dk\/wp-content\/uploads\/2022\/07\/Damestenen-2-300x225.jpg 300w\" sizes=\"auto, (max-width: 767px) 89vw, (max-width: 1000px) 54vw, (max-width: 1071px) 543px, 580px\" \/><\/figure>\n<\/figure>\n\n\n\n<p>Der er mulighed for at sidde og nyde madpakken ved siden af stenen.<\/p>\n","protected":false},"excerpt":{"rendered":"<p>S\u00f8ndagsturen i det gode vejr i denne uge gik til damestenen se mere om denne her eller her Toppen af damestenen kan ses p\u00e5 dette billedet hvis man kigger godt efter (lidt til venstre ved tr\u00e6et yderste til h\u00f8jre i billedet) Dette er taget fra parkeringspladsen s\u00e5 der er et lille stykke at g\u00e5 ned &hellip; <\/p>\n<p class=\"link-more\"><a href=\"https:\/\/xn--jegkrertur-3cb.dk\/index.php\/damestenen\/\" class=\"more-link\">L\u00e6s videre<span class=\"screen-reader-text\"> &#8220;Damestenen&#8221;<\/span><\/a><\/p>\n","protected":false},"author":3,"featured_media":0,"parent":0,"menu_order":0,"comment_status":"closed","ping_status":"closed","template":"","meta":{"footnotes":""},"class_list":["post-142","page","type-page","status-publish","hentry"],"_links":{"self":[{"href":"https:\/\/xn--jegkrertur-3cb.dk\/index.php\/wp-json\/wp\/v2\/pages\/142","targetHints":{"allow":["GET"]}}],"collection":[{"href":"https:\/\/xn--jegkrertur-3cb.dk\/index.php\/wp-json\/wp\/v2\/pages"}],"about":[{"href":"https:\/\/xn--jegkrertur-3cb.dk\/index.php\/wp-json\/wp\/v2\/types\/page"}],"author":[{"embeddable":true,"href":"https:\/\/xn--jegkrertur-3cb.dk\/index.php\/wp-json\/wp\/v2\/users\/3"}],"replies":[{"embeddable":true,"href":"https:\/\/xn--jegkrertur-3cb.dk\/index.php\/wp-json\/wp\/v2\/comments?post=142"}],"version-history":[{"count":2,"href":"https:\/\/xn--jegkrertur-3cb.dk\/index.php\/wp-json\/wp\/v2\/pages\/142\/revisions"}],"predecessor-version":[{"id":161,"href":"https:\/\/xn--jegkrertur-3cb.dk\/index.php\/wp-json\/wp\/v2\/pages\/142\/revisions\/161"}],"wp:attachment":[{"href":"https:\/\/xn--jegkrertur-3cb.dk\/index.php\/wp-json\/wp\/v2\/media?parent=142"}],"curies":[{"name":"wp","href":"https:\/\/api.w.org\/{rel}","templated":true}]}}