{"id":133,"date":"2022-07-03T18:01:24","date_gmt":"2022-07-03T18:01:24","guid":{"rendered":"https:\/\/xn--jegkrertur-3cb.dk\/?page_id=133"},"modified":"2022-07-03T18:11:47","modified_gmt":"2022-07-03T18:11:47","slug":"kaleko-moelle","status":"publish","type":"page","link":"https:\/\/xn--jegkrertur-3cb.dk\/index.php\/kaleko-moelle\/","title":{"rendered":"Kaleko M\u00f8lle"},"content":{"rendered":"\n<p>S\u00e5 blev det igen tid til en k\u00f8retur denne gang gik turen til den gamle vandm\u00f8lle Kaleko M\u00f8lle s\u00e5 vil man l\u00e6se mere om denne kan det g\u00f8res <a href=\"https:\/\/www.visitfaaborg.dk\/faaborg\/planlaeg-din-tur\/kaleko-moelle-gdk613890\" data-type=\"URL\" data-id=\"https:\/\/www.visitfaaborg.dk\/faaborg\/planlaeg-din-tur\/kaleko-moelle-gdk613890\">her<\/a><\/p>\n\n\n\n<figure class=\"wp-block-image size-large\"><img loading=\"lazy\" decoding=\"async\" width=\"1024\" height=\"768\" src=\"https:\/\/xn--jegkrertur-3cb.dk\/wp-content\/uploads\/2022\/07\/kaleko-moelle-1024x768.jpg\" alt=\"\" class=\"wp-image-134\" srcset=\"https:\/\/xn--jegkrertur-3cb.dk\/wp-content\/uploads\/2022\/07\/kaleko-moelle-1024x768.jpg 1024w, https:\/\/xn--jegkrertur-3cb.dk\/wp-content\/uploads\/2022\/07\/kaleko-moelle-300x225.jpg 300w, https:\/\/xn--jegkrertur-3cb.dk\/wp-content\/uploads\/2022\/07\/kaleko-moelle-768x576.jpg 768w, https:\/\/xn--jegkrertur-3cb.dk\/wp-content\/uploads\/2022\/07\/kaleko-moelle-1536x1152.jpg 1536w, https:\/\/xn--jegkrertur-3cb.dk\/wp-content\/uploads\/2022\/07\/kaleko-moelle-2048x1536.jpg 2048w\" sizes=\"auto, (max-width: 767px) 89vw, (max-width: 1000px) 54vw, (max-width: 1071px) 543px, 580px\" \/><\/figure>\n\n\n\n<figure class=\"wp-block-image size-large is-resized\"><img loading=\"lazy\" decoding=\"async\" src=\"https:\/\/xn--jegkrertur-3cb.dk\/wp-content\/uploads\/2022\/07\/Kaleko-moelle-2-1024x768.jpg\" alt=\"\" class=\"wp-image-135\" width=\"672\" height=\"504\" srcset=\"https:\/\/xn--jegkrertur-3cb.dk\/wp-content\/uploads\/2022\/07\/Kaleko-moelle-2-1024x768.jpg 1024w, https:\/\/xn--jegkrertur-3cb.dk\/wp-content\/uploads\/2022\/07\/Kaleko-moelle-2-300x225.jpg 300w, https:\/\/xn--jegkrertur-3cb.dk\/wp-content\/uploads\/2022\/07\/Kaleko-moelle-2-768x576.jpg 768w, https:\/\/xn--jegkrertur-3cb.dk\/wp-content\/uploads\/2022\/07\/Kaleko-moelle-2-1536x1152.jpg 1536w, https:\/\/xn--jegkrertur-3cb.dk\/wp-content\/uploads\/2022\/07\/Kaleko-moelle-2-2048x1536.jpg 2048w\" sizes=\"auto, (max-width: 672px) 100vw, 672px\" \/><\/figure>\n","protected":false},"excerpt":{"rendered":"<p>S\u00e5 blev det igen tid til en k\u00f8retur denne gang gik turen til den gamle vandm\u00f8lle Kaleko M\u00f8lle s\u00e5 vil man l\u00e6se mere om denne kan det g\u00f8res her<\/p>\n","protected":false},"author":3,"featured_media":0,"parent":0,"menu_order":0,"comment_status":"closed","ping_status":"closed","template":"","meta":{"footnotes":""},"class_list":["post-133","page","type-page","status-publish","hentry"],"_links":{"self":[{"href":"https:\/\/xn--jegkrertur-3cb.dk\/index.php\/wp-json\/wp\/v2\/pages\/133","targetHints":{"allow":["GET"]}}],"collection":[{"href":"https:\/\/xn--jegkrertur-3cb.dk\/index.php\/wp-json\/wp\/v2\/pages"}],"about":[{"href":"https:\/\/xn--jegkrertur-3cb.dk\/index.php\/wp-json\/wp\/v2\/types\/page"}],"author":[{"embeddable":true,"href":"https:\/\/xn--jegkrertur-3cb.dk\/index.php\/wp-json\/wp\/v2\/users\/3"}],"replies":[{"embeddable":true,"href":"https:\/\/xn--jegkrertur-3cb.dk\/index.php\/wp-json\/wp\/v2\/comments?post=133"}],"version-history":[{"count":4,"href":"https:\/\/xn--jegkrertur-3cb.dk\/index.php\/wp-json\/wp\/v2\/pages\/133\/revisions"}],"predecessor-version":[{"id":141,"href":"https:\/\/xn--jegkrertur-3cb.dk\/index.php\/wp-json\/wp\/v2\/pages\/133\/revisions\/141"}],"wp:attachment":[{"href":"https:\/\/xn--jegkrertur-3cb.dk\/index.php\/wp-json\/wp\/v2\/media?parent=133"}],"curies":[{"name":"wp","href":"https:\/\/api.w.org\/{rel}","templated":true}]}}