{"id":116,"date":"2022-06-11T18:27:14","date_gmt":"2022-06-11T18:27:14","guid":{"rendered":"https:\/\/xn--jegkrertur-3cb.dk\/?page_id=116"},"modified":"2022-06-18T18:30:24","modified_gmt":"2022-06-18T18:30:24","slug":"trebjerg-dronningeudsigten","status":"publish","type":"page","link":"https:\/\/xn--jegkrertur-3cb.dk\/index.php\/trebjerg-dronningeudsigten\/","title":{"rendered":"Trebjerg Dronningeudsigten"},"content":{"rendered":"\n<p>Igen startede dagen med ok vejr s\u00e5 tr4a ville helt klar en tur p\u00e5 gr\u00e6s eller var det m\u00e5ske mere mig der ville p\u00e5 tur s\u00e5 derfor gik turen denne dag til Trebjerg Dronningeudsigten. Turen derned til foregik i fint solskin men desv\u00e6rre var der ikke helt s\u00e5 klart et kig ud over landskabet og havet som der har v\u00e6ret s\u00e5 mange gange f\u00f8r dette var nemlig ikke f\u00f8rste gang jeg bes\u00f8ger stedet. Her er hvis man har lyst til en lille g\u00e5 tur s\u00e5 er der mulighed for et bedre kig ud over landskabet og vandet hvis man f\u00f8lger stien som starter hvis du krydser vejen.<\/p>\n\n\n\n<p>Vil du l\u00e6se mere om stedet s\u00e5 tryk <a href=\"https:\/\/www.visitfaaborg.dk\/faaborg\/planlaeg-din-tur\/trebjerg-dronningeudsigten-gdk613779\">her<\/a><\/p>\n\n\n\n<figure class=\"wp-block-image size-large\"><img loading=\"lazy\" decoding=\"async\" width=\"1024\" height=\"768\" src=\"https:\/\/xn--jegkrertur-3cb.dk\/wp-content\/uploads\/2022\/06\/20220611_135138-1024x768.jpg\" alt=\"\" class=\"wp-image-117\" srcset=\"https:\/\/xn--jegkrertur-3cb.dk\/wp-content\/uploads\/2022\/06\/20220611_135138-1024x768.jpg 1024w, https:\/\/xn--jegkrertur-3cb.dk\/wp-content\/uploads\/2022\/06\/20220611_135138-300x225.jpg 300w, https:\/\/xn--jegkrertur-3cb.dk\/wp-content\/uploads\/2022\/06\/20220611_135138-768x576.jpg 768w, https:\/\/xn--jegkrertur-3cb.dk\/wp-content\/uploads\/2022\/06\/20220611_135138-1536x1152.jpg 1536w, https:\/\/xn--jegkrertur-3cb.dk\/wp-content\/uploads\/2022\/06\/20220611_135138-2048x1536.jpg 2048w\" sizes=\"auto, (max-width: 767px) 89vw, (max-width: 1000px) 54vw, (max-width: 1071px) 543px, 580px\" \/><\/figure>\n","protected":false},"excerpt":{"rendered":"<p>Igen startede dagen med ok vejr s\u00e5 tr4a ville helt klar en tur p\u00e5 gr\u00e6s eller var det m\u00e5ske mere mig der ville p\u00e5 tur s\u00e5 derfor gik turen denne dag til Trebjerg Dronningeudsigten. Turen derned til foregik i fint solskin men desv\u00e6rre var der ikke helt s\u00e5 klart et kig ud over landskabet og &hellip; <\/p>\n<p class=\"link-more\"><a href=\"https:\/\/xn--jegkrertur-3cb.dk\/index.php\/trebjerg-dronningeudsigten\/\" class=\"more-link\">L\u00e6s videre<span class=\"screen-reader-text\"> &#8220;Trebjerg Dronningeudsigten&#8221;<\/span><\/a><\/p>\n","protected":false},"author":3,"featured_media":0,"parent":0,"menu_order":0,"comment_status":"closed","ping_status":"closed","template":"","meta":{"footnotes":""},"class_list":["post-116","page","type-page","status-publish","hentry"],"_links":{"self":[{"href":"https:\/\/xn--jegkrertur-3cb.dk\/index.php\/wp-json\/wp\/v2\/pages\/116","targetHints":{"allow":["GET"]}}],"collection":[{"href":"https:\/\/xn--jegkrertur-3cb.dk\/index.php\/wp-json\/wp\/v2\/pages"}],"about":[{"href":"https:\/\/xn--jegkrertur-3cb.dk\/index.php\/wp-json\/wp\/v2\/types\/page"}],"author":[{"embeddable":true,"href":"https:\/\/xn--jegkrertur-3cb.dk\/index.php\/wp-json\/wp\/v2\/users\/3"}],"replies":[{"embeddable":true,"href":"https:\/\/xn--jegkrertur-3cb.dk\/index.php\/wp-json\/wp\/v2\/comments?post=116"}],"version-history":[{"count":4,"href":"https:\/\/xn--jegkrertur-3cb.dk\/index.php\/wp-json\/wp\/v2\/pages\/116\/revisions"}],"predecessor-version":[{"id":131,"href":"https:\/\/xn--jegkrertur-3cb.dk\/index.php\/wp-json\/wp\/v2\/pages\/116\/revisions\/131"}],"wp:attachment":[{"href":"https:\/\/xn--jegkrertur-3cb.dk\/index.php\/wp-json\/wp\/v2\/media?parent=116"}],"curies":[{"name":"wp","href":"https:\/\/api.w.org\/{rel}","templated":true}]}}