{"id":106,"date":"2022-06-05T16:01:25","date_gmt":"2022-06-05T16:01:25","guid":{"rendered":"https:\/\/xn--jegkrertur-3cb.dk\/?page_id=106"},"modified":"2022-07-04T18:03:30","modified_gmt":"2022-07-04T18:03:30","slug":"rantzausminde-traef","status":"publish","type":"page","link":"https:\/\/xn--jegkrertur-3cb.dk\/index.php\/rantzausminde-traef\/","title":{"rendered":"Rantzausminde tr\u00e6f"},"content":{"rendered":"\n<p>S\u00e5 kom dagen hvor Fyns st\u00f8rste tr\u00e6f blev afholdt i hvert fald if\u00f8lge deres Facebook side denne kan ses <a href=\"https:\/\/www.facebook.com\/groups\/266963661673569\/\" data-type=\"URL\">her<\/a> og der var tr4a da ogs\u00e5 forbi da det p\u00e5 denne dag var super godt vejr solen skinnede fra en skyfri himmel og da dette ogs\u00e5 er et godt sted med en rigtig god udsigt med en masse trafik p\u00e5 vandet som ogs\u00e5 kan nydes samt ikke mindst en rigtig dejlig grill hvis man lige har lyst til en is eller n\u00e5et godt at spise men se mere <a href=\"https:\/\/www.facebook.com\/rantzausmindegrill\/\">her<\/a> og husk at der ogs\u00e5 her er et fast tirsdagstr\u00e6f for veteranbiler l\u00e6s mere om dette ogs\u00e5 p\u00e5 deres <a href=\"https:\/\/www.facebook.com\/groups\/266963661673569\/\" data-type=\"URL\" data-id=\"https:\/\/www.facebook.com\/groups\/266963661673569\/\">Facebook side<\/a><\/p>\n\n\n\n<p>Vil du vide mere om havnen s\u00e5 kig<a href=\"https:\/\/www.havneguide.dk\/havn\/rantzausminde-havn\" data-type=\"URL\" data-id=\"https:\/\/www.havneguide.dk\/havn\/rantzausminde-havn\"> her<\/a><\/p>\n\n\n\n<figure class=\"wp-block-image size-large\"><img loading=\"lazy\" decoding=\"async\" width=\"1024\" height=\"768\" src=\"https:\/\/xn--jegkrertur-3cb.dk\/wp-content\/uploads\/2022\/06\/Rantzausminde-traef-1024x768.jpg\" alt=\"\" class=\"wp-image-110\" srcset=\"https:\/\/xn--jegkrertur-3cb.dk\/wp-content\/uploads\/2022\/06\/Rantzausminde-traef-1024x768.jpg 1024w, https:\/\/xn--jegkrertur-3cb.dk\/wp-content\/uploads\/2022\/06\/Rantzausminde-traef-300x225.jpg 300w, https:\/\/xn--jegkrertur-3cb.dk\/wp-content\/uploads\/2022\/06\/Rantzausminde-traef-768x576.jpg 768w, https:\/\/xn--jegkrertur-3cb.dk\/wp-content\/uploads\/2022\/06\/Rantzausminde-traef-1536x1152.jpg 1536w, https:\/\/xn--jegkrertur-3cb.dk\/wp-content\/uploads\/2022\/06\/Rantzausminde-traef-2048x1536.jpg 2048w\" sizes=\"auto, (max-width: 767px) 89vw, (max-width: 1000px) 54vw, (max-width: 1071px) 543px, 580px\" \/><\/figure>\n","protected":false},"excerpt":{"rendered":"<p>S\u00e5 kom dagen hvor Fyns st\u00f8rste tr\u00e6f blev afholdt i hvert fald if\u00f8lge deres Facebook side denne kan ses her og der var tr4a da ogs\u00e5 forbi da det p\u00e5 denne dag var super godt vejr solen skinnede fra en skyfri himmel og da dette ogs\u00e5 er et godt sted med en rigtig god udsigt &hellip; <\/p>\n<p class=\"link-more\"><a href=\"https:\/\/xn--jegkrertur-3cb.dk\/index.php\/rantzausminde-traef\/\" class=\"more-link\">L\u00e6s videre<span class=\"screen-reader-text\"> &#8220;Rantzausminde tr\u00e6f&#8221;<\/span><\/a><\/p>\n","protected":false},"author":3,"featured_media":0,"parent":0,"menu_order":0,"comment_status":"closed","ping_status":"closed","template":"","meta":{"footnotes":""},"class_list":["post-106","page","type-page","status-publish","hentry"],"_links":{"self":[{"href":"https:\/\/xn--jegkrertur-3cb.dk\/index.php\/wp-json\/wp\/v2\/pages\/106","targetHints":{"allow":["GET"]}}],"collection":[{"href":"https:\/\/xn--jegkrertur-3cb.dk\/index.php\/wp-json\/wp\/v2\/pages"}],"about":[{"href":"https:\/\/xn--jegkrertur-3cb.dk\/index.php\/wp-json\/wp\/v2\/types\/page"}],"author":[{"embeddable":true,"href":"https:\/\/xn--jegkrertur-3cb.dk\/index.php\/wp-json\/wp\/v2\/users\/3"}],"replies":[{"embeddable":true,"href":"https:\/\/xn--jegkrertur-3cb.dk\/index.php\/wp-json\/wp\/v2\/comments?post=106"}],"version-history":[{"count":7,"href":"https:\/\/xn--jegkrertur-3cb.dk\/index.php\/wp-json\/wp\/v2\/pages\/106\/revisions"}],"predecessor-version":[{"id":163,"href":"https:\/\/xn--jegkrertur-3cb.dk\/index.php\/wp-json\/wp\/v2\/pages\/106\/revisions\/163"}],"wp:attachment":[{"href":"https:\/\/xn--jegkrertur-3cb.dk\/index.php\/wp-json\/wp\/v2\/media?parent=106"}],"curies":[{"name":"wp","href":"https:\/\/api.w.org\/{rel}","templated":true}]}}