{"id":101,"date":"2022-06-05T15:12:14","date_gmt":"2022-06-05T15:12:14","guid":{"rendered":"https:\/\/xn--jegkrertur-3cb.dk\/?page_id=101"},"modified":"2022-06-05T15:12:14","modified_gmt":"2022-06-05T15:12:14","slug":"fyens-havedam","status":"publish","type":"page","link":"https:\/\/xn--jegkrertur-3cb.dk\/index.php\/fyens-havedam\/","title":{"rendered":"Fyens havedam"},"content":{"rendered":"\n<p>S\u00e5 kom dagen hvor fiskene i havedammen manglede foder og solen skinnede fra en skyfri himmel s\u00e5 det var jo en god grund til at starte tr4a op og s\u00e5 k\u00f8re en tur ud og hente foder.<\/p>\n\n\n\n<p>Fyens havedam er stedet hvor jeg plejer at handle super god betjening og flotte fisk samt stort udvalg se mere om stedet <a href=\"https:\/\/www.fynshavedam.dk\/\" data-type=\"URL\" data-id=\"https:\/\/www.fynshavedam.dk\/\">her<\/a><\/p>\n\n\n\n<figure class=\"wp-block-image size-large\"><img loading=\"lazy\" decoding=\"async\" width=\"1024\" height=\"768\" src=\"https:\/\/xn--jegkrertur-3cb.dk\/wp-content\/uploads\/2022\/06\/Fyns-havedam-1024x768.jpg\" alt=\"\" class=\"wp-image-103\" srcset=\"https:\/\/xn--jegkrertur-3cb.dk\/wp-content\/uploads\/2022\/06\/Fyns-havedam-1024x768.jpg 1024w, https:\/\/xn--jegkrertur-3cb.dk\/wp-content\/uploads\/2022\/06\/Fyns-havedam-300x225.jpg 300w, https:\/\/xn--jegkrertur-3cb.dk\/wp-content\/uploads\/2022\/06\/Fyns-havedam-768x576.jpg 768w, https:\/\/xn--jegkrertur-3cb.dk\/wp-content\/uploads\/2022\/06\/Fyns-havedam-1536x1152.jpg 1536w, https:\/\/xn--jegkrertur-3cb.dk\/wp-content\/uploads\/2022\/06\/Fyns-havedam-2048x1536.jpg 2048w\" sizes=\"auto, (max-width: 767px) 89vw, (max-width: 1000px) 54vw, (max-width: 1071px) 543px, 580px\" \/><\/figure>\n","protected":false},"excerpt":{"rendered":"<p>S\u00e5 kom dagen hvor fiskene i havedammen manglede foder og solen skinnede fra en skyfri himmel s\u00e5 det var jo en god grund til at starte tr4a op og s\u00e5 k\u00f8re en tur ud og hente foder. Fyens havedam er stedet hvor jeg plejer at handle super god betjening og flotte fisk samt stort udvalg &hellip; <\/p>\n<p class=\"link-more\"><a href=\"https:\/\/xn--jegkrertur-3cb.dk\/index.php\/fyens-havedam\/\" class=\"more-link\">L\u00e6s videre<span class=\"screen-reader-text\"> &#8220;Fyens havedam&#8221;<\/span><\/a><\/p>\n","protected":false},"author":3,"featured_media":0,"parent":0,"menu_order":0,"comment_status":"closed","ping_status":"closed","template":"","meta":{"footnotes":""},"class_list":["post-101","page","type-page","status-publish","hentry"],"_links":{"self":[{"href":"https:\/\/xn--jegkrertur-3cb.dk\/index.php\/wp-json\/wp\/v2\/pages\/101","targetHints":{"allow":["GET"]}}],"collection":[{"href":"https:\/\/xn--jegkrertur-3cb.dk\/index.php\/wp-json\/wp\/v2\/pages"}],"about":[{"href":"https:\/\/xn--jegkrertur-3cb.dk\/index.php\/wp-json\/wp\/v2\/types\/page"}],"author":[{"embeddable":true,"href":"https:\/\/xn--jegkrertur-3cb.dk\/index.php\/wp-json\/wp\/v2\/users\/3"}],"replies":[{"embeddable":true,"href":"https:\/\/xn--jegkrertur-3cb.dk\/index.php\/wp-json\/wp\/v2\/comments?post=101"}],"version-history":[{"count":2,"href":"https:\/\/xn--jegkrertur-3cb.dk\/index.php\/wp-json\/wp\/v2\/pages\/101\/revisions"}],"predecessor-version":[{"id":104,"href":"https:\/\/xn--jegkrertur-3cb.dk\/index.php\/wp-json\/wp\/v2\/pages\/101\/revisions\/104"}],"wp:attachment":[{"href":"https:\/\/xn--jegkrertur-3cb.dk\/index.php\/wp-json\/wp\/v2\/media?parent=101"}],"curies":[{"name":"wp","href":"https:\/\/api.w.org\/{rel}","templated":true}]}}